{"id":832,"date":"2015-09-21T10:30:06","date_gmt":"2015-09-21T10:30:06","guid":{"rendered":"http:\/\/microastronomia.astroedu.net\/?page_id=832"},"modified":"2016-06-27T20:56:58","modified_gmt":"2016-06-27T20:56:58","slug":"attoscopi-18","status":"publish","type":"page","link":"https:\/\/microastronomia.cosmozoom.eu\/?page_id=832","title":{"rendered":"attoScopi 18"},"content":{"rendered":"<address><strong><a href=\"http:\/\/microastronomia.astroedu.net\/wp-content\/uploads\/2015\/09\/zDSCN0672.jpg\"><img loading=\"lazy\" decoding=\"async\" class=\"size-medium wp-image-929 alignleft\" style=\"border: 3px solid black;\" alt=\"zDSCN0672\" src=\"http:\/\/microastronomia.astroedu.net\/wp-content\/uploads\/2015\/09\/zDSCN0672-300x225.jpg\" width=\"300\" height=\"225\" srcset=\"https:\/\/microastronomia.cosmozoom.eu\/wp-content\/uploads\/2015\/09\/zDSCN0672-300x225.jpg 300w, https:\/\/microastronomia.cosmozoom.eu\/wp-content\/uploads\/2015\/09\/zDSCN0672-200x150.jpg 200w, https:\/\/microastronomia.cosmozoom.eu\/wp-content\/uploads\/2015\/09\/zDSCN0672-150x112.jpg 150w, https:\/\/microastronomia.cosmozoom.eu\/wp-content\/uploads\/2015\/09\/zDSCN0672.jpg 900w\" sizes=\"(max-width: 300px) 100vw, 300px\" \/><\/a>Tipo:<\/strong> monocular prisma techo Bak4- MC<a href=\"http:\/\/microastronomia.astroedu.net\/wp-content\/uploads\/2015\/09\/zDSCN0649.jpg\"><img loading=\"lazy\" decoding=\"async\" class=\"alignright  wp-image-955\" style=\"border: 3px solid black;\" alt=\"zDSCN0649\" src=\"http:\/\/microastronomia.astroedu.net\/wp-content\/uploads\/2015\/09\/zDSCN0649-300x267.jpg\" width=\"234\" height=\"208\" srcset=\"https:\/\/microastronomia.cosmozoom.eu\/wp-content\/uploads\/2015\/09\/zDSCN0649-300x267.jpg 300w, https:\/\/microastronomia.cosmozoom.eu\/wp-content\/uploads\/2015\/09\/zDSCN0649-168x150.jpg 168w, https:\/\/microastronomia.cosmozoom.eu\/wp-content\/uploads\/2015\/09\/zDSCN0649-150x133.jpg 150w, https:\/\/microastronomia.cosmozoom.eu\/wp-content\/uploads\/2015\/09\/zDSCN0649.jpg 900w\" sizes=\"(max-width: 234px) 100vw, 234px\" \/><\/a><\/address>\n<address><strong>Di\u00e1metro:<\/strong> 18 mm<\/address>\n<address><strong>Aumento: <\/strong>7x (fijo)<\/address>\n<address><strong>Pupila de salida:\u00a0<\/strong> 2.6 mm<\/address>\n<address><strong>Campo m\u00e1ximo \u00fatil:<\/strong> 8\u00ba\u00a0<\/address>\n<address><strong>Peso:<\/strong> 51 g<\/address>\n<address><strong>Dimensiones (L x D):<\/strong> 80mm x 30mm<\/address>\n<address>\u00a0<\/address>\n<address><span style=\"color: #ffffff;\">&#8230;&#8230;..<\/span><\/address>\n<address><span style=\"color: #ffffff;\">&#8230;&#8230;&#8230;.<\/span><\/address>\n<address><span style=\"color: #ffffff;\">&#8230;&#8230;&#8230;..<\/span><\/address>\n<address class=\"mceTemp\">\n<dl class=\"wp-caption alignright\" id=\"attachment_1015\" style=\"width: 190px;\">\n<dt class=\"wp-caption-dt\"><a href=\"http:\/\/microastronomia.astroedu.net\/wp-content\/uploads\/2015\/09\/zDSCN0652.jpg\"><img loading=\"lazy\" decoding=\"async\" class=\" wp-image-1015 \" style=\"border: 3px solid black;\" alt=\"Comparativa de tama\u00f1os: a la izquierda el attoScopi y a la derecha el zeptoScopi.\" src=\"http:\/\/microastronomia.astroedu.net\/wp-content\/uploads\/2015\/09\/zDSCN0652-300x274.jpg\" width=\"180\" height=\"164\" srcset=\"https:\/\/microastronomia.cosmozoom.eu\/wp-content\/uploads\/2015\/09\/zDSCN0652-300x274.jpg 300w, https:\/\/microastronomia.cosmozoom.eu\/wp-content\/uploads\/2015\/09\/zDSCN0652-164x150.jpg 164w, https:\/\/microastronomia.cosmozoom.eu\/wp-content\/uploads\/2015\/09\/zDSCN0652-150x137.jpg 150w, https:\/\/microastronomia.cosmozoom.eu\/wp-content\/uploads\/2015\/09\/zDSCN0652.jpg 900w\" sizes=\"(max-width: 180px) 100vw, 180px\" \/><\/a><\/dt>\n<dd class=\"wp-caption-dd\">Comparativa de tama\u00f1os: a la izquierda el attoScopi y a la derecha el zeptoScopi.<\/dd>\n<\/dl>\n<\/address>\n<p style=\"text-align: justify;\">Permite ir un poco m\u00e1s all\u00e1 que el zeptoScopi y, en algunos objetos, por su mayor aumento, que los binoNinos . De manufactura oriental, este modelo en concreto es de la marca Silva (se puede encontrar un cl\u00f3nico con la marca Brunton). Pensado para uso diurno terrestre, su calidad general es aceptable. Adolece de algunas aberraciones para observaci\u00f3n nocturna, como astigmatismo en bordes y curvatura de campo, sin embargo, en el centro del campo, ofrece im\u00e1genes correctas.<\/p>\n<address>\u00a0<\/address>\n<address><span style=\"color: #ffffff;\">&#8230;&#8230;&#8230;&#8230;.<\/span><\/address>\n<address>\n<h2><span style=\"text-decoration: underline;\"><strong>OBJETOS OBSERVADOS CON EL attoScopi<\/strong><\/span><\/h2>\n<p><em>Se listan objetos observados por el autor bajo un cielo de magnitud l\u00edmite 6.5-6.7, entre 3 y 4 en la escala de Bortle, con la zona Sur con algo de contaminaci\u00f3n lum\u00ednica. <\/em>Seg\u00fan su nivel de dificultad: en <em>letra <strong>oscura<\/strong> para objetos f\u00e1ciles de percibir, en <span style=\"color: #ffcc00;\">\u00e1mbar<\/span> para los de dificultad media y en <span style=\"color: #ff0000;\">rojo<\/span> para los dif\u00edciles pero a\u00fan accesibles. Acr\u00f3nimos usados: VD: Visi\u00f3n Directa, VL: Visi\u00f3n Lateral.<br \/>\n<\/em><\/p>\n<address>\u00a0<\/address>\n<p><span style=\"text-decoration: underline;\">LUNA<\/span><br \/>\n&#8211; <strong>Mares, cr\u00e1teres y otras estructuras.<\/strong><\/p>\n<p><span style=\"text-decoration: underline;\">PLANETAS<\/span><br \/>\n&#8211;<strong>Mercurio<\/strong>:apariencia estelar.<br \/>\n&#8211;<strong>Venus<\/strong>:apariencia estelar.<br \/>\n&#8211;<strong>Marte<\/strong>:apariencia estelar.<br \/>\n&#8211;<strong>J\u00fapiter<\/strong>:apariencia estelar.<br \/>\n&#8211;<strong>Saturno<\/strong>:\u00bfelongado?.<br \/>\n&#8211;<strong>Urano<\/strong>:apariencia estelar.<br \/>\n&#8211;<strong>Neptuno<\/strong>:apariencia estelar.<\/p>\n<p><span style=\"text-decoration: underline;\">ESTRELLAS DOBLES, M\u00daLTIPLES Y PECULIARES<\/span><br \/>\n&#8211;<strong>56 Andromedae<\/strong>: se divide f\u00e1cil.<br \/>\n&#8211;<strong>Beta Capricorni<\/strong>: la secundaria en VD.<br \/>\n&#8211;<strong>Nu Draconis<\/strong>: desdoblamiento muy f\u00e1cil.<br \/>\n&#8211;<strong>Zeta Lyrae<\/strong>: f\u00e1cil en VD, una de ellas m\u00e1s brillante.<\/p>\n<p><span style=\"text-decoration: underline;\">ASTERISMOS<\/span><br \/>\n&#8211;<strong>La Cascada de Kemble<\/strong>:\u00a0 visible en VD, resuelta en estrellas.<\/p>\n<p><span style=\"text-decoration: underline;\">C\u00daMULOS ABIERTOS<\/span><br \/>\n&#8211;<span style=\"color: #ffcc00;\">NGC457 (E.T)<\/span>: Se ven los 2 ojos en VD. El cuerpo del E.T en VL, a modo de muy d\u00e8bil nebulosidad, con alg\u00fan flash de la silueta.<\/p>\n<p>&#8211;<span style=\"color: #ffcc00;\"><strong>NGC1502<\/strong><\/span>: al final de la Cascada de Kemble,\u00a0 como una estrella brillante en VDy envuelta en cierta nebulosidad en VL.<br \/>\n&#8211;<strong>NGC1528<\/strong>: grande y brillante en VD.<\/p>\n<p><span style=\"text-decoration: underline;\">C\u00daMULOS GLOBULARES<\/span><br \/>\n-En preparaci\u00f3n&#8230;<\/p>\n<p><span style=\"text-decoration: underline;\">NEBULOSAS<\/span><br \/>\n&#8211;<span style=\"color: #ffcc00;\">M27<\/span>: se necesita VL para una visi\u00f3n relativamente c\u00f3moda.<\/p>\n<p><span style=\"text-decoration: underline;\">GALAXIAS<\/span><br \/>\n&#8211;<span style=\"color: #ffcc00;\">NGC253<\/span>: visible en VL.<\/p>\n<\/address>\n","protected":false},"excerpt":{"rendered":"<p>Tipo: monocular prisma techo Bak4- MC Di\u00e1metro: 18 mm Aumento: 7x (fijo) Pupila de salida:\u00a0 2.6 mm Campo m\u00e1ximo \u00fatil:<\/p>\n<p><a href=\"https:\/\/microastronomia.cosmozoom.eu\/?page_id=832\" class=\"more-link\">Seguir leyendo<span class=\"screen-reader-text\">attoScopi 18<\/span><\/a><\/p>\n","protected":false},"author":1,"featured_media":0,"parent":823,"menu_order":41,"comment_status":"closed","ping_status":"closed","template":"","meta":{"footnotes":""},"_links":{"self":[{"href":"https:\/\/microastronomia.cosmozoom.eu\/index.php?rest_route=\/wp\/v2\/pages\/832"}],"collection":[{"href":"https:\/\/microastronomia.cosmozoom.eu\/index.php?rest_route=\/wp\/v2\/pages"}],"about":[{"href":"https:\/\/microastronomia.cosmozoom.eu\/index.php?rest_route=\/wp\/v2\/types\/page"}],"author":[{"embeddable":true,"href":"https:\/\/microastronomia.cosmozoom.eu\/index.php?rest_route=\/wp\/v2\/users\/1"}],"replies":[{"embeddable":true,"href":"https:\/\/microastronomia.cosmozoom.eu\/index.php?rest_route=%2Fwp%2Fv2%2Fcomments&post=832"}],"version-history":[{"count":22,"href":"https:\/\/microastronomia.cosmozoom.eu\/index.php?rest_route=\/wp\/v2\/pages\/832\/revisions"}],"predecessor-version":[{"id":1238,"href":"https:\/\/microastronomia.cosmozoom.eu\/index.php?rest_route=\/wp\/v2\/pages\/832\/revisions\/1238"}],"up":[{"embeddable":true,"href":"https:\/\/microastronomia.cosmozoom.eu\/index.php?rest_route=\/wp\/v2\/pages\/823"}],"wp:attachment":[{"href":"https:\/\/microastronomia.cosmozoom.eu\/index.php?rest_route=%2Fwp%2Fv2%2Fmedia&parent=832"}],"curies":[{"name":"wp","href":"https:\/\/api.w.org\/{rel}","templated":true}]}}