{"id":827,"date":"2015-09-21T10:12:50","date_gmt":"2015-09-21T10:12:50","guid":{"rendered":"http:\/\/microastronomia.astroedu.net\/?page_id=827"},"modified":"2015-11-11T23:45:38","modified_gmt":"2015-11-11T23:45:38","slug":"51-70mm","status":"publish","type":"page","link":"https:\/\/microastronomia.cosmozoom.eu\/?page_id=827","title":{"rendered":"51-70mm"},"content":{"rendered":"<p>Secci\u00f3n reservada a instrumentos que tengan entre 51mm y 70mm de di\u00e1metro o que tengan su equivalencia con este rango de abertura. Click en el men\u00fa principal superior para ver cada instrumento por separado.<\/p>\n<p><span style=\"color: #ffffff;\">&#8230;..<\/span><\/p>\n<p><a href=\"http:\/\/microastronomia.astroedu.net\/wp-content\/uploads\/2015\/01\/Celda-ZeissAS63.jpg\"><img loading=\"lazy\" decoding=\"async\" class=\"size-medium wp-image-749 alignleft\" style=\"border: 3px solid black;\" alt=\"Celda ZeissAS63\" src=\"http:\/\/microastronomia.astroedu.net\/wp-content\/uploads\/2015\/01\/Celda-ZeissAS63-300x215.jpg\" width=\"300\" height=\"215\" srcset=\"https:\/\/microastronomia.cosmozoom.eu\/wp-content\/uploads\/2015\/01\/Celda-ZeissAS63-300x215.jpg 300w, https:\/\/microastronomia.cosmozoom.eu\/wp-content\/uploads\/2015\/01\/Celda-ZeissAS63-1024x733.jpg 1024w, https:\/\/microastronomia.cosmozoom.eu\/wp-content\/uploads\/2015\/01\/Celda-ZeissAS63-209x150.jpg 209w, https:\/\/microastronomia.cosmozoom.eu\/wp-content\/uploads\/2015\/01\/Celda-ZeissAS63-150x107.jpg 150w, https:\/\/microastronomia.cosmozoom.eu\/wp-content\/uploads\/2015\/01\/Celda-ZeissAS63.jpg 1200w\" sizes=\"(max-width: 300px) 100vw, 300px\" \/><\/a><a href=\"http:\/\/microastronomia.astroedu.net\/wp-content\/uploads\/2014\/04\/zDSCN0365.jpg\"><img loading=\"lazy\" decoding=\"async\" class=\"alignright  wp-image-236\" style=\"border: 3px solid black;\" alt=\"zDSCN0365\" src=\"http:\/\/microastronomia.astroedu.net\/wp-content\/uploads\/2014\/04\/zDSCN0365-300x271.jpg\" width=\"240\" height=\"217\" srcset=\"https:\/\/microastronomia.cosmozoom.eu\/wp-content\/uploads\/2014\/04\/zDSCN0365-300x271.jpg 300w, https:\/\/microastronomia.cosmozoom.eu\/wp-content\/uploads\/2014\/04\/zDSCN0365-1024x928.jpg 1024w, https:\/\/microastronomia.cosmozoom.eu\/wp-content\/uploads\/2014\/04\/zDSCN0365-165x150.jpg 165w, https:\/\/microastronomia.cosmozoom.eu\/wp-content\/uploads\/2014\/04\/zDSCN0365-150x135.jpg 150w, https:\/\/microastronomia.cosmozoom.eu\/wp-content\/uploads\/2014\/04\/zDSCN0365.jpg 1070w\" sizes=\"(max-width: 240px) 100vw, 240px\" \/><\/a><\/p>\n","protected":false},"excerpt":{"rendered":"<p>Secci\u00f3n reservada a instrumentos que tengan entre 51mm y 70mm de di\u00e1metro o que tengan su equivalencia con este rango<\/p>\n<p><a href=\"https:\/\/microastronomia.cosmozoom.eu\/?page_id=827\" class=\"more-link\">Seguir leyendo<span class=\"screen-reader-text\">51-70mm<\/span><\/a><\/p>\n","protected":false},"author":1,"featured_media":0,"parent":0,"menu_order":6,"comment_status":"closed","ping_status":"closed","template":"","meta":{"footnotes":""},"_links":{"self":[{"href":"https:\/\/microastronomia.cosmozoom.eu\/index.php?rest_route=\/wp\/v2\/pages\/827"}],"collection":[{"href":"https:\/\/microastronomia.cosmozoom.eu\/index.php?rest_route=\/wp\/v2\/pages"}],"about":[{"href":"https:\/\/microastronomia.cosmozoom.eu\/index.php?rest_route=\/wp\/v2\/types\/page"}],"author":[{"embeddable":true,"href":"https:\/\/microastronomia.cosmozoom.eu\/index.php?rest_route=\/wp\/v2\/users\/1"}],"replies":[{"embeddable":true,"href":"https:\/\/microastronomia.cosmozoom.eu\/index.php?rest_route=%2Fwp%2Fv2%2Fcomments&post=827"}],"version-history":[{"count":3,"href":"https:\/\/microastronomia.cosmozoom.eu\/index.php?rest_route=\/wp\/v2\/pages\/827\/revisions"}],"predecessor-version":[{"id":1207,"href":"https:\/\/microastronomia.cosmozoom.eu\/index.php?rest_route=\/wp\/v2\/pages\/827\/revisions\/1207"}],"wp:attachment":[{"href":"https:\/\/microastronomia.cosmozoom.eu\/index.php?rest_route=%2Fwp%2Fv2%2Fmedia&parent=827"}],"curies":[{"name":"wp","href":"https:\/\/api.w.org\/{rel}","templated":true}]}}