{"id":823,"date":"2015-09-21T10:12:11","date_gmt":"2015-09-21T10:12:11","guid":{"rendered":"http:\/\/microastronomia.astroedu.net\/?page_id=823"},"modified":"2015-11-16T20:21:33","modified_gmt":"2015-11-16T20:21:33","slug":"10-30mm","status":"publish","type":"page","link":"https:\/\/microastronomia.cosmozoom.eu\/?page_id=823","title":{"rendered":"11-30mm"},"content":{"rendered":"<p>Secci\u00f3n reservada a instrumentos que tengan entre 11mm y 30mm de di\u00e1metro o que tengan su equivalencia con este rango de abertura. Click en el men\u00fa principal superior para ver cada instrumento por separado.<\/p>\n<p><span style=\"color: #ffffff;\">&#8230;&#8230;.<\/span><\/p>\n<p><a href=\"http:\/\/microastronomia.astroedu.net\/wp-content\/uploads\/2015\/09\/zDSCN0729.jpg\"><img loading=\"lazy\" decoding=\"async\" class=\"wp-image-1067 alignright\" style=\"border: 3px solid black;\" alt=\"zDSCN0729\" src=\"http:\/\/microastronomia.astroedu.net\/wp-content\/uploads\/2015\/09\/zDSCN0729-300x247.jpg\" width=\"210\" height=\"173\" srcset=\"https:\/\/microastronomia.cosmozoom.eu\/wp-content\/uploads\/2015\/09\/zDSCN0729-300x247.jpg 300w, https:\/\/microastronomia.cosmozoom.eu\/wp-content\/uploads\/2015\/09\/zDSCN0729-182x150.jpg 182w, https:\/\/microastronomia.cosmozoom.eu\/wp-content\/uploads\/2015\/09\/zDSCN0729-150x123.jpg 150w, https:\/\/microastronomia.cosmozoom.eu\/wp-content\/uploads\/2015\/09\/zDSCN0729.jpg 800w\" sizes=\"(max-width: 210px) 100vw, 210px\" \/><\/a><a href=\"http:\/\/microastronomia.astroedu.net\/wp-content\/uploads\/2015\/09\/zDSCN0672.jpg\"><img loading=\"lazy\" decoding=\"async\" class=\" wp-image-929 alignleft\" style=\"border: 3px solid black;\" alt=\"zDSCN0672\" src=\"http:\/\/microastronomia.astroedu.net\/wp-content\/uploads\/2015\/09\/zDSCN0672-300x225.jpg\" width=\"240\" height=\"180\" srcset=\"https:\/\/microastronomia.cosmozoom.eu\/wp-content\/uploads\/2015\/09\/zDSCN0672-300x225.jpg 300w, https:\/\/microastronomia.cosmozoom.eu\/wp-content\/uploads\/2015\/09\/zDSCN0672-200x150.jpg 200w, https:\/\/microastronomia.cosmozoom.eu\/wp-content\/uploads\/2015\/09\/zDSCN0672-150x112.jpg 150w, https:\/\/microastronomia.cosmozoom.eu\/wp-content\/uploads\/2015\/09\/zDSCN0672.jpg 900w\" sizes=\"(max-width: 240px) 100vw, 240px\" \/><\/a><\/p>\n<p>&nbsp;<\/p>\n<p>&nbsp;<\/p>\n<p>&nbsp;<\/p>\n<p>&nbsp;<\/p>\n<p><a href=\"http:\/\/microastronomia.astroedu.net\/wp-content\/uploads\/2015\/09\/DSCN0623-PEK.jpg\"><img loading=\"lazy\" decoding=\"async\" class=\" wp-image-868 alignleft\" style=\"border: 3px solid black;\" alt=\"DSCN0623-PEK\" src=\"http:\/\/microastronomia.astroedu.net\/wp-content\/uploads\/2015\/09\/DSCN0623-PEK-300x233.jpg\" width=\"240\" height=\"186\" srcset=\"https:\/\/microastronomia.cosmozoom.eu\/wp-content\/uploads\/2015\/09\/DSCN0623-PEK-300x233.jpg 300w, https:\/\/microastronomia.cosmozoom.eu\/wp-content\/uploads\/2015\/09\/DSCN0623-PEK-192x150.jpg 192w, https:\/\/microastronomia.cosmozoom.eu\/wp-content\/uploads\/2015\/09\/DSCN0623-PEK-150x116.jpg 150w, https:\/\/microastronomia.cosmozoom.eu\/wp-content\/uploads\/2015\/09\/DSCN0623-PEK.jpg 800w\" sizes=\"(max-width: 240px) 100vw, 240px\" \/><\/a><a href=\"http:\/\/microastronomia.astroedu.net\/wp-content\/uploads\/2015\/09\/zDSCN0681.jpg\"><img loading=\"lazy\" decoding=\"async\" class=\"alignright  wp-image-1020\" style=\"border: 3px solid black;\" alt=\"zDSCN0681\" src=\"http:\/\/microastronomia.astroedu.net\/wp-content\/uploads\/2015\/09\/zDSCN0681-300x225.jpg\" width=\"240\" height=\"180\" srcset=\"https:\/\/microastronomia.cosmozoom.eu\/wp-content\/uploads\/2015\/09\/zDSCN0681-300x225.jpg 300w, https:\/\/microastronomia.cosmozoom.eu\/wp-content\/uploads\/2015\/09\/zDSCN0681-200x150.jpg 200w, https:\/\/microastronomia.cosmozoom.eu\/wp-content\/uploads\/2015\/09\/zDSCN0681-150x112.jpg 150w, https:\/\/microastronomia.cosmozoom.eu\/wp-content\/uploads\/2015\/09\/zDSCN0681.jpg 900w\" sizes=\"(max-width: 240px) 100vw, 240px\" \/><\/a><\/p>\n<p>&nbsp;<\/p>\n<p>&nbsp;<\/p>\n<p>&nbsp;<\/p>\n<p>&nbsp;<\/p>\n<p><span style=\"color: #ffffff;\">&#8230;&#8230;<\/span><\/p>\n<p>&nbsp;<\/p>\n<p><span style=\"color: #ffffff;\">&#8212;&#8211;<\/span><\/p>\n<p><a href=\"http:\/\/microastronomia.astroedu.net\/wp-content\/uploads\/2015\/10\/zDSCN0751.jpg\"><img loading=\"lazy\" decoding=\"async\" class=\" wp-image-1162 alignleft\" style=\"border: 3px solid black;\" alt=\"zDSCN0751\" src=\"http:\/\/microastronomia.astroedu.net\/wp-content\/uploads\/2015\/10\/zDSCN0751-300x219.jpg\" width=\"240\" height=\"175\" srcset=\"https:\/\/microastronomia.cosmozoom.eu\/wp-content\/uploads\/2015\/10\/zDSCN0751-300x219.jpg 300w, https:\/\/microastronomia.cosmozoom.eu\/wp-content\/uploads\/2015\/10\/zDSCN0751-204x150.jpg 204w, https:\/\/microastronomia.cosmozoom.eu\/wp-content\/uploads\/2015\/10\/zDSCN0751-150x109.jpg 150w, https:\/\/microastronomia.cosmozoom.eu\/wp-content\/uploads\/2015\/10\/zDSCN0751.jpg 900w\" sizes=\"(max-width: 240px) 100vw, 240px\" \/><\/a><a href=\"http:\/\/microastronomia.astroedu.net\/wp-content\/uploads\/2014\/04\/DSCN0313.jpg\"><img loading=\"lazy\" decoding=\"async\" class=\"alignright  wp-image-58\" style=\"border: 3px solid black;\" alt=\"binoninos\" src=\"http:\/\/microastronomia.astroedu.net\/wp-content\/uploads\/2014\/04\/DSCN0313-300x190.jpg\" width=\"270\" height=\"171\" srcset=\"https:\/\/microastronomia.cosmozoom.eu\/wp-content\/uploads\/2014\/04\/DSCN0313-300x190.jpg 300w, https:\/\/microastronomia.cosmozoom.eu\/wp-content\/uploads\/2014\/04\/DSCN0313-1024x648.jpg 1024w, https:\/\/microastronomia.cosmozoom.eu\/wp-content\/uploads\/2014\/04\/DSCN0313-236x150.jpg 236w, https:\/\/microastronomia.cosmozoom.eu\/wp-content\/uploads\/2014\/04\/DSCN0313-150x95.jpg 150w, https:\/\/microastronomia.cosmozoom.eu\/wp-content\/uploads\/2014\/04\/DSCN0313-318x201.jpg 318w, https:\/\/microastronomia.cosmozoom.eu\/wp-content\/uploads\/2014\/04\/DSCN0313.jpg 1200w\" sizes=\"(max-width: 270px) 100vw, 270px\" \/><\/a><\/p>\n<p>&nbsp;<\/p>\n","protected":false},"excerpt":{"rendered":"<p>Secci\u00f3n reservada a instrumentos que tengan entre 11mm y 30mm de di\u00e1metro o que tengan su equivalencia con este rango<\/p>\n<p><a href=\"https:\/\/microastronomia.cosmozoom.eu\/?page_id=823\" class=\"more-link\">Seguir leyendo<span class=\"screen-reader-text\">11-30mm<\/span><\/a><\/p>\n","protected":false},"author":1,"featured_media":0,"parent":0,"menu_order":4,"comment_status":"closed","ping_status":"closed","template":"","meta":{"footnotes":""},"_links":{"self":[{"href":"https:\/\/microastronomia.cosmozoom.eu\/index.php?rest_route=\/wp\/v2\/pages\/823"}],"collection":[{"href":"https:\/\/microastronomia.cosmozoom.eu\/index.php?rest_route=\/wp\/v2\/pages"}],"about":[{"href":"https:\/\/microastronomia.cosmozoom.eu\/index.php?rest_route=\/wp\/v2\/types\/page"}],"author":[{"embeddable":true,"href":"https:\/\/microastronomia.cosmozoom.eu\/index.php?rest_route=\/wp\/v2\/users\/1"}],"replies":[{"embeddable":true,"href":"https:\/\/microastronomia.cosmozoom.eu\/index.php?rest_route=%2Fwp%2Fv2%2Fcomments&post=823"}],"version-history":[{"count":9,"href":"https:\/\/microastronomia.cosmozoom.eu\/index.php?rest_route=\/wp\/v2\/pages\/823\/revisions"}],"predecessor-version":[{"id":1133,"href":"https:\/\/microastronomia.cosmozoom.eu\/index.php?rest_route=\/wp\/v2\/pages\/823\/revisions\/1133"}],"wp:attachment":[{"href":"https:\/\/microastronomia.cosmozoom.eu\/index.php?rest_route=%2Fwp%2Fv2%2Fmedia&parent=823"}],"curies":[{"name":"wp","href":"https:\/\/api.w.org\/{rel}","templated":true}]}}