{"id":745,"date":"2015-01-07T19:35:09","date_gmt":"2015-01-07T19:35:09","guid":{"rendered":"http:\/\/microastronomia.astroedu.net\/?page_id=745"},"modified":"2015-09-28T19:09:23","modified_gmt":"2015-09-28T19:09:23","slug":"zeiss-as-63","status":"publish","type":"page","link":"https:\/\/microastronomia.cosmozoom.eu\/?page_id=745","title":{"rendered":"Zeiss AS-63"},"content":{"rendered":"<address><strong><a href=\"http:\/\/microastronomia.astroedu.net\/wp-content\/uploads\/2015\/01\/ZeissAS63.jpg\"><img loading=\"lazy\" decoding=\"async\" class=\" wp-image-747 alignleft\" style=\"border: 5px solid black;\" alt=\"ZeissAS63\" src=\"http:\/\/microastronomia.astroedu.net\/wp-content\/uploads\/2015\/01\/ZeissAS63-225x300.jpg\" width=\"180\" height=\"240\" srcset=\"https:\/\/microastronomia.cosmozoom.eu\/wp-content\/uploads\/2015\/01\/ZeissAS63-225x300.jpg 225w, https:\/\/microastronomia.cosmozoom.eu\/wp-content\/uploads\/2015\/01\/ZeissAS63-768x1024.jpg 768w, https:\/\/microastronomia.cosmozoom.eu\/wp-content\/uploads\/2015\/01\/ZeissAS63-112x150.jpg 112w, https:\/\/microastronomia.cosmozoom.eu\/wp-content\/uploads\/2015\/01\/ZeissAS63.jpg 900w\" sizes=\"(max-width: 180px) 100vw, 180px\" \/><\/a><\/strong><strong>Tipo:<\/strong> Refractor acrom\u00e1tico Steinheil<\/address>\n<address class=\"mceTemp\">\n<dl class=\"wp-caption alignright\" id=\"attachment_751\" style=\"width: 190px;\">\n<dt class=\"wp-caption-dt\"><a href=\"http:\/\/microastronomia.astroedu.net\/wp-content\/uploads\/2015\/01\/Esquema-lent-AS63.jpg\"><img loading=\"lazy\" decoding=\"async\" class=\" wp-image-751 \" style=\"border: 5px solid black;\" alt=\"\" src=\"http:\/\/microastronomia.astroedu.net\/wp-content\/uploads\/2015\/01\/Esquema-lent-AS63-300x264.jpg\" width=\"180\" height=\"158\" srcset=\"https:\/\/microastronomia.cosmozoom.eu\/wp-content\/uploads\/2015\/01\/Esquema-lent-AS63-300x264.jpg 300w, https:\/\/microastronomia.cosmozoom.eu\/wp-content\/uploads\/2015\/01\/Esquema-lent-AS63-170x150.jpg 170w, https:\/\/microastronomia.cosmozoom.eu\/wp-content\/uploads\/2015\/01\/Esquema-lent-AS63-150x132.jpg 150w, https:\/\/microastronomia.cosmozoom.eu\/wp-content\/uploads\/2015\/01\/Esquema-lent-AS63.jpg 600w\" sizes=\"(max-width: 180px) 100vw, 180px\" \/><\/a><\/dt>\n<dd class=\"wp-caption-dd\">Doblete Steinheil<\/dd>\n<\/dl>\n<\/address>\n<address><strong>Di\u00e1metro:<\/strong> 63mm<\/address>\n<address><strong>Relaci\u00f3n Focal<\/strong>: F\/13.3<\/address>\n<address><strong>Distancia Focal:<\/strong> 840mm<\/address>\n<address><span style=\"color: #ffffff;\">&#8230;&#8230;&#8230;&#8230;&#8230;&#8230;&#8230;&#8230;..<\/span><\/address>\n<p style=\"text-align: justify;\">El Carl Zeiss Jena AS63\/840 merece una menci\u00f3n especial, se trata de un telescopio de alta calidad y un esp\u00e9cimen raro de encontrar. Sin duda, una joya dentro de la colecci\u00f3n de MICRoASTRONOMIA. Su \u00f3ptica consiste en un doblete Steinheil espaciado por aire. A diferencia de los acrom\u00e1ticos Fraunhofer, este dise\u00f1o antepone el componente Flint al Crown (un menisco KzF2 delante de un vidrio BK7), lo que permite una mejor correcci\u00f3n de todas las aberraciones. Por ello, \u00a0los ingenieros de Zeiss, lo denominaron <em>HALBAPOCHROMAT<\/em> (semi-apocrom\u00e1tico).<br \/>\nEl AS63 se introdujo en 1949 y no se debe confundir con los m\u00e1s<a href=\"http:\/\/microastronomia.astroedu.net\/wp-content\/uploads\/2015\/01\/Celda-ZeissAS63.jpg\"><img loading=\"lazy\" decoding=\"async\" class=\"alignright  wp-image-749\" style=\"border: 5px solid black;\" alt=\"Celda ZeissAS63\" src=\"http:\/\/microastronomia.astroedu.net\/wp-content\/uploads\/2015\/01\/Celda-ZeissAS63-300x215.jpg\" width=\"240\" height=\"172\" srcset=\"https:\/\/microastronomia.cosmozoom.eu\/wp-content\/uploads\/2015\/01\/Celda-ZeissAS63-300x215.jpg 300w, https:\/\/microastronomia.cosmozoom.eu\/wp-content\/uploads\/2015\/01\/Celda-ZeissAS63-1024x733.jpg 1024w, https:\/\/microastronomia.cosmozoom.eu\/wp-content\/uploads\/2015\/01\/Celda-ZeissAS63-209x150.jpg 209w, https:\/\/microastronomia.cosmozoom.eu\/wp-content\/uploads\/2015\/01\/Celda-ZeissAS63-150x107.jpg 150w, https:\/\/microastronomia.cosmozoom.eu\/wp-content\/uploads\/2015\/01\/Celda-ZeissAS63.jpg 1200w\" sizes=\"(max-width: 240px) 100vw, 240px\" \/><\/a> populares y recientes Telementor-Telemator que llevan un objetivo cl\u00e1sico Fraunhofer cementado. El AS63\/840 rinde mejor que muchos dobletes ED actuales, las estrellas que muestra son extremadamente puntuales y el cromatismo est\u00e1 muy controlado, especialmente para longitudes de onda cercanas al rojo. Su especialidad son las estrellas dobles, la observaci\u00f3n de la Luna y los planetas y los racimos abiertos de estrellas. El telescopio conserva la lente original (n\u00ba.20016, fabricada en Mayo de 1950), pero se ha modificado su estructura con tubo de aluminio de 3mm de espesor con base para buscador y con un enfocador crayford de doble velocidad que permite el uso de todo tipo de oculares.<\/p>\n<address>\u00a0<\/address>\n<address>\u00a0<\/address>\n<h2><strong>OBJETOS OBSERVADOS CON Zeiss AS-63<\/strong><\/h2>\n<p><em>Se listan objetos observados por el autor bajo un cielo de magnitud l\u00edmite 6.5-6.7, entre 3 y 4 en la escala de Bortle, con la zona Sur con algo de contaminaci\u00f3n lum\u00ednica. <\/em>Seg\u00fan su nivel de dificultad: en <em>letra <strong>oscura<\/strong> para objetos <\/em><em>f\u00e1ciles de percibir, en <span style=\"color: #ffcc99;\">\u00e1mbar<\/span> para los de dificultad media y en <span style=\"color: #ff0000;\">rojo<\/span> para los dif\u00edciles pero a\u00fan accesibles. Acr\u00f3nimos usados: VD: Visi\u00f3n Directa, VL: Visi\u00f3n Lateral. <em>Oculares empleados: <span style=\"color: #999999;\">Gs042Superview, William Optics Swan40, Meade Plossl 26, PentaxXW20, Nagler16, PentaxXW10, Meade Plossl 9.7, PentaxXW5, VixenLV 2.5, Powermate 2.5x.<\/span><\/em> <\/em><\/p>\n<p><span style=\"text-decoration: underline;\">PLANETAS<\/span><br \/>\n&#8211;<strong>J\u00fapiter<\/strong>: bandas ecuatoriales principales y algunas secundarias.<br \/>\n&#8211;<strong>Saturno<\/strong>: bandas nubosas, divisi\u00f3n de Cassini a 84x.<\/p>\n<p><span style=\"text-decoration: underline;\">ESTRELLAS DOBLES, M\u00daLTIPLES Y PECULIARES<\/span><br \/>\n&#8211;<strong>39 Bootis<\/strong>: a 84x, un bonito par, ambas blancas y casi gemelas.<br \/>\n&#8211;<strong>49 Cygni<\/strong>: a 52x, la principal es blanca y la secundaria un puntito azul p\u00e1lido. A 84x es fant\u00e1stica.<br \/>\n&#8211;<strong>Alfa Herculi (Ras Algethi)<\/strong>: a 52x, muy bonita, amarilla y azul p\u00e1lido, respectivamente.<br \/>\n&#8211;<strong>Epsilon Bootis (Izar)<\/strong>: la secundaria cae exactamente dentro del primer disco de Airy. A 84x la principal es sutilmente amarillo-anaranjada y la secundaria azulada. Aguanta bien hasta 336x.<br \/>\n&#8211;<strong>Epsilon Lyrae<\/strong>: se dividen los 4 componentes a 52x, pero la mejor imagen se consigue a 84x, parecen 4 puntas de alfiler. A 336x, en noches de buen seeing, la imagen es perfecta.<br \/>\n&#8211;<strong>Lambda Ophiuchi (Marfik)<\/strong>: a 84x es un \u00ab8\u00bb, con una sutil muesca entre las 2 estrellas. No se consigue un corte claro.<br \/>\n&#8211;<strong>Mu Draconis (Arrakis)<\/strong>: se divide claramente a 52x. A 84x la imagen es perfecta, dos estrellas blancas e id\u00e9nticas. A 336x la imagen del par es muy buena.<br \/>\n&#8211;<strong>Sigma Cassiopeia<\/strong>: divis\u00f3n a 52x, a 84x perfecta.<br \/>\n&#8211;<strong>Sigma Orionis +STF61<\/strong>:imagen muy limpia a 84x, separ\u00e1ndose claramente los componente AB,C,D E. Unos 3&#8242; al NW, se ve el grupo de 3 estrellas STF761 (en realidad 4, pero \u00e9sta \u00faltima de magnitud 12.4, no se percibe).<br \/>\n&#8211;<strong>STF2735<\/strong>: se desdobla bien a 84x. La principal parece tintada de amarillo p\u00e1lido y la secundaria azulada.<br \/>\n&#8211;<strong>SFT2751<\/strong>: casi desdoblada a 84x y 168x.<br \/>\n&#8211;<strong>STF2799<\/strong>: casi resuelta a 84x y 168x, peque\u00f1a muesca entre las dos.<\/p>\n<p><span style=\"text-decoration: underline;\">C\u00daMULOS ABIERTOS<\/span><br \/>\n&#8211;<strong>NGC188<\/strong>: visible en VD.<\/p>\n<p><span style=\"text-decoration: underline;\">C\u00daMULOS GLOBULARES<\/span><br \/>\n&#8211;<strong>M13<\/strong>: se resuelve en estrellas a partir de 52x.<\/p>\n<p><span style=\"text-decoration: underline;\">NEBULOSAS<\/span><br \/>\n&#8211;<strong>NGC281 (Pacman)<\/strong>: a 21x, filtro OIII, en VD.<br \/>\n&#8211;<strong>IC1805 (coraz\u00f3n)<\/strong>: a 21x, sin filtros, casi en VD.<br \/>\n&#8211;<strong>IC1848 (Alma)<\/strong>: a 21x, sin filtros, casi en VD.<br \/>\n&#8211;<strong><span style=\"color: #ffcc00;\">IC5146 (Cocoon)<\/span><\/strong>: a 21x, sin filtros, en VL.<\/p>\n<p><span style=\"text-decoration: underline;\">GALAXIAS<\/span><br \/>\n&#8211;<span style=\"color: #ffcc00;\">NGC185<\/span>: a 21x en VL.<\/p>\n<address>\u00a0<\/address>\n","protected":false},"excerpt":{"rendered":"<p>Tipo: Refractor acrom\u00e1tico Steinheil Doblete Steinheil Di\u00e1metro: 63mm Relaci\u00f3n Focal: F\/13.3 Distancia Focal: 840mm &#8230;&#8230;&#8230;&#8230;&#8230;&#8230;&#8230;&#8230;.. El Carl Zeiss Jena AS63\/840<\/p>\n<p><a href=\"https:\/\/microastronomia.cosmozoom.eu\/?page_id=745\" class=\"more-link\">Seguir leyendo<span class=\"screen-reader-text\">Zeiss AS-63<\/span><\/a><\/p>\n","protected":false},"author":1,"featured_media":0,"parent":827,"menu_order":1,"comment_status":"closed","ping_status":"closed","template":"","meta":{"footnotes":""},"_links":{"self":[{"href":"https:\/\/microastronomia.cosmozoom.eu\/index.php?rest_route=\/wp\/v2\/pages\/745"}],"collection":[{"href":"https:\/\/microastronomia.cosmozoom.eu\/index.php?rest_route=\/wp\/v2\/pages"}],"about":[{"href":"https:\/\/microastronomia.cosmozoom.eu\/index.php?rest_route=\/wp\/v2\/types\/page"}],"author":[{"embeddable":true,"href":"https:\/\/microastronomia.cosmozoom.eu\/index.php?rest_route=\/wp\/v2\/users\/1"}],"replies":[{"embeddable":true,"href":"https:\/\/microastronomia.cosmozoom.eu\/index.php?rest_route=%2Fwp%2Fv2%2Fcomments&post=745"}],"version-history":[{"count":31,"href":"https:\/\/microastronomia.cosmozoom.eu\/index.php?rest_route=\/wp\/v2\/pages\/745\/revisions"}],"predecessor-version":[{"id":1123,"href":"https:\/\/microastronomia.cosmozoom.eu\/index.php?rest_route=\/wp\/v2\/pages\/745\/revisions\/1123"}],"up":[{"embeddable":true,"href":"https:\/\/microastronomia.cosmozoom.eu\/index.php?rest_route=\/wp\/v2\/pages\/827"}],"wp:attachment":[{"href":"https:\/\/microastronomia.cosmozoom.eu\/index.php?rest_route=%2Fwp%2Fv2%2Fmedia&parent=745"}],"curies":[{"name":"wp","href":"https:\/\/api.w.org\/{rel}","templated":true}]}}