{"id":52,"date":"2014-04-01T09:52:48","date_gmt":"2014-04-01T09:52:48","guid":{"rendered":"http:\/\/microastronomia.astroedu.net\/?page_id=52"},"modified":"2021-11-01T18:26:53","modified_gmt":"2021-11-01T18:26:53","slug":"miniscopi","status":"publish","type":"page","link":"https:\/\/microastronomia.cosmozoom.eu\/?page_id=52","title":{"rendered":"miniScopi 70"},"content":{"rendered":"<address>\u00a0<strong><span style=\"color: #ffffff;\">FICHA<\/span> <span style=\"color: #ffffff;\">T\u00c9CNICA:<\/span><\/strong><a href=\"http:\/\/microastronomia.astroedu.net\/wp-content\/uploads\/2014\/04\/zDSCN0365.jpg\"><img loading=\"lazy\" decoding=\"async\" class=\"wp-image-236 alignright\" style=\"border: 5px solid black;\" src=\"http:\/\/microastronomia.astroedu.net\/wp-content\/uploads\/2014\/04\/zDSCN0365-300x271.jpg\" alt=\"zDSCN0365\" width=\"300\" height=\"271\" srcset=\"https:\/\/microastronomia.cosmozoom.eu\/wp-content\/uploads\/2014\/04\/zDSCN0365-300x271.jpg 300w, https:\/\/microastronomia.cosmozoom.eu\/wp-content\/uploads\/2014\/04\/zDSCN0365-1024x928.jpg 1024w, https:\/\/microastronomia.cosmozoom.eu\/wp-content\/uploads\/2014\/04\/zDSCN0365-165x150.jpg 165w, https:\/\/microastronomia.cosmozoom.eu\/wp-content\/uploads\/2014\/04\/zDSCN0365-150x135.jpg 150w, https:\/\/microastronomia.cosmozoom.eu\/wp-content\/uploads\/2014\/04\/zDSCN0365.jpg 1070w\" sizes=\"(max-width: 300px) 100vw, 300px\" \/><\/a><\/address>\n<pre><strong>Tipo:<\/strong> Refractor ED\n<strong>Di\u00e1metro:<\/strong> 70mm\n<strong>Relaci\u00f3n Focal:<\/strong> F\/6\n<strong>Distancia Focal:<\/strong> 420mm\n<strong>Campo m\u00e1ximo \u00fatil:<\/strong> 6.5\u00ba\u00a0\n<strong>Peso:<\/strong> 2.3 Kg\n<strong>Dimensiones (L x D):<\/strong> 300mm (370mm parasol extendido) x 87mm<\/pre>\n<p style=\"text-align: justify;\">El mayor de los telescopios de MICROASTRONOMIA. Se trata de un doblete ED FPL-51 de la firma William Optics con enfocador crayford de doble velocidad. Ofrece vistas celestes claras y contrastadas.<\/p>\n<p style=\"text-align: justify;\"><span style=\"color: #ffffff;\">&#8230;&#8230;&#8230;&#8230;&#8230;&#8230;&#8230;..<\/span><\/p>\n<h2><span style=\"text-decoration: underline;\"><strong>OBJETOS OBSERVADOS CON EL miniSCopi<\/strong><\/span><\/h2>\n<p><em>Se listan objetos observados por el autor bajo un cielo de magnitud l\u00edmite 6.5-6.7, entre 3 y 4 en la escala de Bortle, con la zona Sur con algo de contaminaci\u00f3n lum\u00ednica. <\/em>Seg\u00fan su nivel de dificultad: en <em>letra <strong>oscura<\/strong> para objetos f\u00e1ciles de percibir, en <span style=\"color: #ffcc00;\">\u00e1mbar<\/span> para los de dificultad media y en <span style=\"color: #ff0000;\">rojo<\/span> para los dif\u00edciles pero a\u00fan accesibles. Acr\u00f3nimos usados: VD: Visi\u00f3n Directa, VL: Visi\u00f3n Lateral. Oculares empleados: <span style=\"color: #808080;\">Gs042Superview, William Optics Swan40, Meade Plossl 26, PentaxXW20, Nagler16, PentaxXW10, Meade Plossl 9.7, PentaxXW5, VixenLV 2.5, Powermate 2.5x.<\/span><br \/>\n<\/em><\/p>\n<p><span style=\"color: #ffffff;\">&#8230;&#8230;&#8230;..<\/span><br \/>\n<span style=\"text-decoration: underline;\">PLANETAS<\/span><br \/>\n&#8211;<strong>Marte<\/strong>: casquetes polares y zonas oscuras.<br \/>\n&#8211;<strong>J\u00fapiter<\/strong>: se observan detalles en el interior de las bandas nubosas principales.<br \/>\n&#8211;<strong>Saturno<\/strong>: anillos, divisi\u00f3n de Cassini, algunos sat\u00e9lites.<\/p>\n<p><span style=\"text-decoration: underline;\">ESTRELLAS DOBLES, M\u00daLTIPLES Y PECULIARES<\/span><br \/>\n&#8211;<strong>Campbell Hidrogen Star<\/strong>: a 84x, estrella f\u00e1cil de ver, no se consigue observar nebulosidad y dificultad para apreciar su color rojizo.<br \/>\n&#8211;<strong>Castor<\/strong>: se desdobla a 42x, pero mejor a 84x.<br \/>\n&#8211;<strong>Epsilon Lyrae<\/strong>: se dividen con bastante claridad las 4 componentes a 86x.<br \/>\n&#8211;<strong>R Leporis<\/strong>: estrella de carbono. Color rojo oscuro perfectamente visible a 21x.<br \/>\n&#8211;<strong><span style=\"color: #333333;\">Polaris<\/span><\/strong>: se desdobla a 84x, la compa\u00f1era es muy peque\u00f1ita.<br \/>\n&#8211;<strong>Theta Orionis<\/strong>: 4 componentes (A,B,C,D) visibles perfectamente a 84x, no detecto las compa\u00f1eras m\u00e1s d\u00e9biles E y F.<\/p>\n<address class=\"mceTemp\">\n<figure id=\"attachment_654\" aria-describedby=\"caption-attachment-654\" style=\"width: 174px\" class=\"wp-caption alignright\"><a href=\"https:\/\/microastronomia.cosmozoom.eu\/wp-content\/uploads\/2014\/04\/NGC457-microSenseTITOL.jpg\"><img loading=\"lazy\" decoding=\"async\" class=\"wp-image-654\" style=\"border: 5px solid black;\" src=\"http:\/\/microastronomia.astroedu.net\/wp-content\/uploads\/2014\/04\/NGC457-microSenseTITOL-290x300.jpg\" alt=\"NGC457-microSenseTITOL\" width=\"174\" height=\"180\" srcset=\"https:\/\/microastronomia.cosmozoom.eu\/wp-content\/uploads\/2014\/04\/NGC457-microSenseTITOL-290x300.jpg 290w, https:\/\/microastronomia.cosmozoom.eu\/wp-content\/uploads\/2014\/04\/NGC457-microSenseTITOL-145x150.jpg 145w, https:\/\/microastronomia.cosmozoom.eu\/wp-content\/uploads\/2014\/04\/NGC457-microSenseTITOL.jpg 693w\" sizes=\"(max-width: 174px) 100vw, 174px\" \/><\/a><figcaption id=\"caption-attachment-654\" class=\"wp-caption-text\">Dibujo de NGC 457 con el miniScopi a 21x.<\/figcaption><\/figure>\n<\/address>\n<p><span style=\"text-decoration: underline;\">C\u00daMULOS ABIERTOS<\/span><br \/>\n&#8211;<strong>M67<\/strong>: m\u00e1s bonito que M44. Su vista es mejor a poco aumento, a partir de 30x se vuelve disperso.<br \/>\n&#8211;<strong>M73<\/strong>: a 21x y 42x, 3 estrellas del c\u00famulo perfectamente visibles,\u00a0 la 4\u00aa componente se consigue muy al l\u00edmite en VL.<br \/>\n&#8211;<span style=\"color: #ffcc00;\">NGC188<\/span>: a 42x, relativamente grande, parecen desgranarse algunas estrellas m\u00e1s brillantes que se superponen delante de la nube m\u00e1s d\u00e9bil que lo conforma. Mejor en VL.<br \/>\n&#8211;<strong>NGC457 (E.T)<\/strong>: muy bonito a 10x, mejor que a m\u00e1s aumento. La estrella m\u00e1s brillante muestra color amarillo p\u00e1lido.<br \/>\n&#8211;<strong>NGC7209<\/strong>: peque\u00f1o, difuso y abigarrado a 21x y 42x.<br \/>\n&#8211;<strong>NGC7510<\/strong>: c\u00famulo alargado y abigarrado que a poco aumento se confunde con una nebulosa.<\/p>\n<p><span style=\"text-decoration: underline;\">C\u00daMULOS GLOBULARES<\/span><br \/>\n&#8211;<strong>M13<\/strong>: a 42x, se resuelve en estrellas casi entero, se resiste la parte central del n\u00facleo.<br \/>\n&#8211;<span style=\"color: #ffcc00;\">M72<\/span>: a 21x, peque\u00f1o grumo irregular, neblinoso y bastante d\u00e9bil.<br \/>\n&#8211;<strong>M92<\/strong>: estrellas perif\u00e9ricas resueltas a 42x, el n\u00facleo no.<br \/>\n&#8211;<strong>NGC288<\/strong>: a 21x, gran bola algodonosa que comparte campo con NGC253. A 42x, en VL, se intuyen d\u00e9biles y sutiles grumos en el interior del c\u00famulo.<br \/>\n&#8211;<strong>NGC2419<\/strong> (vagabundo intergal\u00e1ctico): visible a 21x, ofrece mejor vista a 42x. Redondo, algo peque\u00f1o y difuso, mejora en VL.<\/p>\n<p><span style=\"text-decoration: underline;\">NEBULOSAS<\/span><br \/>\n&#8211;<strong>M42-43<\/strong>: imagen muy est\u00e9tica a 21x, con toda la espada de Ori\u00f3n visible. M43 destaca sutilmente encima del trapecio (Theta Orionis).<br \/>\n&#8211;<strong>M57<\/strong>: buena imagen hasta 84x, se observa su cl\u00e1sica estructura de donut.<br \/>\n&#8211;<strong>M97<\/strong>: con filtro OIII a 21x se ve muy destacada pero sin estructura. Sin filtro tambi\u00e9n es visible a cualquier aumento.<br \/>\n&#8211;<strong>NGC281 (Pacman)<\/strong>: detectable sin filtro a 10x como una nubecilla. Con filtro OIII, a 21x, el incremento en luminosidad es dram\u00e1tico, se percibe grande y con un muy d\u00e9bil entrante oscuro en medio de la nebulosa.<br \/>\n&#8211;<strong>NGC604<\/strong>: regi\u00f3n de formaci\u00f3n estelar en M33. Visible en VD a 84x sin ayuda de filtros.<\/p>\n<address class=\"mceTemp\">\n<figure id=\"attachment_655\" aria-describedby=\"caption-attachment-655\" style=\"width: 167px\" class=\"wp-caption alignright\"><a href=\"https:\/\/microastronomia.cosmozoom.eu\/wp-content\/uploads\/2014\/04\/nM42V3-microSenseTITOL.jpg\"><img loading=\"lazy\" decoding=\"async\" class=\"wp-image-655\" style=\"border: 5px solid black;\" src=\"http:\/\/microastronomia.astroedu.net\/wp-content\/uploads\/2014\/04\/nM42V3-microSenseTITOL-278x300.jpg\" alt=\"nM42V3-microSenseTITOL\" width=\"167\" height=\"180\" srcset=\"https:\/\/microastronomia.cosmozoom.eu\/wp-content\/uploads\/2014\/04\/nM42V3-microSenseTITOL-278x300.jpg 278w, https:\/\/microastronomia.cosmozoom.eu\/wp-content\/uploads\/2014\/04\/nM42V3-microSenseTITOL-139x150.jpg 139w, https:\/\/microastronomia.cosmozoom.eu\/wp-content\/uploads\/2014\/04\/nM42V3-microSenseTITOL.jpg 622w\" sizes=\"(max-width: 167px) 100vw, 167px\" \/><\/a><figcaption id=\"caption-attachment-655\" class=\"wp-caption-text\">Dibujo de M42-43 con el miniScopi a 21x.<\/figcaption><\/figure>\n<\/address>\n<p>&#8211;<span style=\"color: #ffcc00;\">NGC1499<\/span> <span style=\"color: #ffcc00;\">(California)<\/span>: a 10x, con filtro OIII y en VL, se observa una nebulosa triangular y alargada con una zona m\u00e1s condensada alrededor de 2 estrellitas.<br \/>\n&#8211;<strong>NGC1514<\/strong>: ya visible a 10x sin filtros en VD, como una estrella desenfocada. A 42x, con filtro OIII, la nebulosa empieza a mostrar discretamente algo de estructura, unos muy sutiles claroscuros en VL, rodeando la estrella central.<br \/>\n&#8211;<strong>NGC1535<\/strong>: a 42x, sin filtros y en VD, presnta una dominante de color verde. En VL se observa de forma intermitente un d\u00e9bil anillo central.<br \/>\n&#8211;<strong>NGC2237 (Roseta)<\/strong>: preciosa a 21x con filtro OIII.<br \/>\n&#8211;<strong>NGC2261 (Variable de Hubble)<\/strong>: visible en VD a 10x. A 21x se recorta perfectamente su silueta cometaria.<br \/>\n&#8211;<strong>NGC2359 (Casco de Thor)<\/strong>: visible sin filtro a 21x. La imagen es fant\u00e1stica a 21x con filtro OIII, se aprecia perfectamente la silueta del casco con sutiles claroscuros.<br \/>\n&#8211;<strong>NGC2392 (Esquimal)<\/strong>: a 42x se ve un punto central envuelto en nebulosidad. Sin filtro.<br \/>\n&#8211;<strong>NGC2438<\/strong>: planetaria en M46. Se percibe bien a 42x con filtro OIII en VD. Sin filtro, mejor en VL.<br \/>\n&#8211;<strong>NGC6960, 6979, 6992 (Nebulosa del Velo &amp; Triangulo de Pickering)<\/strong>: imagen muy bonita a 10x con filtro OIII, los 3 NGC perfectamente visibles.<br \/>\n&#8211;<strong>NGC7000 &amp; IC5067 (Norteamerica y Pelicano)<\/strong>: con filtro OIII, a 10x, ofrecen una bonita estampa, el Pel\u00edcano m\u00e1s d\u00e9bil pero a\u00fan visible en VD.<br \/>\n&#8211;<strong>NGC7023 (Iris)<\/strong>: muy buena imagen a 21x. Nubecilla, con indicios de estructura interna, envolviendo una estrella.<br \/>\n&#8211;<strong>NGC7538 (Falsa Bubble)<\/strong>: m\u00e1s brillante que la cercana Bubble, se ve bien a 21x rodeando, a modo de bola de algod\u00f3n, 2 estrellitas. Con filtro OIII gana envergadura pero pierde est\u00e9ticamente.<br \/>\n&#8211;<span style=\"color: #ff0000;\">NGC7635 (Bubble)<\/span>: complicada, la imagen m\u00e1s clara se consigue a 42x, en VL,\u00a0sin filtro y con filtro OIII, nubecilla envolviendo una estrellita.<br \/>\n&#8211;<strong>IC1805 (Coraz\u00f3n)<\/strong>: sin filtro se intuye en VL, con filtro OIII se incrementa su visibilidad.<br \/>\n&#8211;<strong>IC1848 (Alma)<\/strong>: sin filtro se intuye en VL, con filtro OIII se incrementa su visibilidad.<br \/>\n&#8211;<strong>IC5146 (Cocoon)<\/strong>: se ve casi en VD a 42x, el filtro OIII no ayuda.<br \/>\n&#8211;<strong>E de Barnard<\/strong>: muy bonita y con detalle a 21x.<br \/>\n&#8211;<strong>Barnard 168<\/strong>: caminito oscuro claramente recortado contra el fondo estelar, a 10x. A 21x se suma al final del caminito la Cocoon\u00a0 en VL.<\/p>\n<p><span style=\"text-decoration: underline;\">GALAXIAS<\/span><br \/>\n&#8211;<strong>M51<\/strong>: a 10x, se observa perfectamente su silueta y el puente hacia la compa\u00f1era NGC5195.<br \/>\n&#8211;<strong>M65\/M66\/NGC3628(Triplete de Leo)<\/strong>: a 21x se ven perfectamente las tres componentes juntas, NGC3628 mejor en VL.<br \/>\n&#8211;<strong>M74<\/strong>: en VD a 21x. A 42x se intuye su estructura y el n\u00facleo.<br \/>\n&#8211;<strong>M77<\/strong>: visible en VD a 21x como estrella desenfocada con parte central m\u00e1s brillante.\u00a0 A 42x se consigue muy buena imagen.<br \/>\n&#8211;<strong>M81\/M82\/NGC2976\/NGC3077<\/strong>: a 21x se ven juntas en el mismo campo del ocular. M81 muestra ya su sutil estructura, M82 a este aumento es como una aguja. NGC2976 es redonda y se ve m\u00e1s grande y brillante que NGC3077, \u00e9sta \u00faltima parece una bolita de algod\u00f3n en VD, con un n\u00facleo estelar m\u00e1s brillante en VL.<br \/>\n&#8211;<strong>M104<\/strong>: a 21x\u00a0 se empieza a observar su cl\u00e1sica estructura y a 42x se ve perfectamente\u00a0 la barra de polvo y el nucleo. Una maravilla.<br \/>\n&#8211;<strong>M106<\/strong>: alargada en VD a 21x.<br \/>\n&#8211;<strong>M108<\/strong>: se observa ya a 10x en VD.<br \/>\n&#8211;<strong>M109<\/strong>: oblonga, sutil a 21x.<br \/>\n&#8211;<strong>NGC253<\/strong>: aguja de luz bastante brillante. A 42x,\u00a0 la galaxia muestra indicios de estructura en su parte central.<br \/>\n&#8211;<span style=\"color: #ffcc00;\">NGC925<\/span>: a 21x nubecilla vertical en VL.<br \/>\n&#8211;<span style=\"color: #ffcc00;\">NGC1055<\/span>: grande y difusa en VL.<br \/>\n&#8211;<strong>NGC2403<\/strong>: a 42x, peque\u00f1ita entre 2 estrellas.<br \/>\n&#8211;<strong>NGC3115(Spindle)<\/strong>: a 21x, aspecto an\u00e9mico, con n\u00facleo estelar.<br \/>\n&#8211;<strong>NGC4565<\/strong>: a 25x, muestra d\u00e9bilmente su banda de polvo central.<br \/>\n&#8211;<strong>NGC4725<\/strong>: nubecilla bastante brillante y relativamente grande a 12x.<br \/>\n&#8211;<span style=\"color: #ffcc00;\">NGC6822 (Galaxia de Barnard)<\/span>: a 21x, se observa en VL una neblina ovalada puesta en vertical, se intuye muy d\u00e9bilmente incluso alg\u00fan sutil nudo estructural.<\/p>\n","protected":false},"excerpt":{"rendered":"<p>\u00a0FICHA T\u00c9CNICA: Tipo: Refractor ED Di\u00e1metro: 70mm Relaci\u00f3n Focal: F\/6 Distancia Focal: 420mm Campo m\u00e1ximo \u00fatil: 6.5\u00ba\u00a0 Peso: 2.3 Kg<\/p>\n<p><a href=\"https:\/\/microastronomia.cosmozoom.eu\/?page_id=52\" class=\"more-link\">Seguir leyendo<span class=\"screen-reader-text\">miniScopi 70<\/span><\/a><\/p>\n","protected":false},"author":1,"featured_media":0,"parent":827,"menu_order":2,"comment_status":"closed","ping_status":"closed","template":"","meta":{"footnotes":""},"_links":{"self":[{"href":"https:\/\/microastronomia.cosmozoom.eu\/index.php?rest_route=\/wp\/v2\/pages\/52"}],"collection":[{"href":"https:\/\/microastronomia.cosmozoom.eu\/index.php?rest_route=\/wp\/v2\/pages"}],"about":[{"href":"https:\/\/microastronomia.cosmozoom.eu\/index.php?rest_route=\/wp\/v2\/types\/page"}],"author":[{"embeddable":true,"href":"https:\/\/microastronomia.cosmozoom.eu\/index.php?rest_route=\/wp\/v2\/users\/1"}],"replies":[{"embeddable":true,"href":"https:\/\/microastronomia.cosmozoom.eu\/index.php?rest_route=%2Fwp%2Fv2%2Fcomments&post=52"}],"version-history":[{"count":64,"href":"https:\/\/microastronomia.cosmozoom.eu\/index.php?rest_route=\/wp\/v2\/pages\/52\/revisions"}],"predecessor-version":[{"id":1306,"href":"https:\/\/microastronomia.cosmozoom.eu\/index.php?rest_route=\/wp\/v2\/pages\/52\/revisions\/1306"}],"up":[{"embeddable":true,"href":"https:\/\/microastronomia.cosmozoom.eu\/index.php?rest_route=\/wp\/v2\/pages\/827"}],"wp:attachment":[{"href":"https:\/\/microastronomia.cosmozoom.eu\/index.php?rest_route=%2Fwp%2Fv2%2Fmedia&parent=52"}],"curies":[{"name":"wp","href":"https:\/\/api.w.org\/{rel}","templated":true}]}}