{"id":48,"date":"2014-04-01T09:50:41","date_gmt":"2014-04-01T09:50:41","guid":{"rendered":"http:\/\/microastronomia.astroedu.net\/?page_id=48"},"modified":"2015-09-24T20:58:15","modified_gmt":"2015-09-24T20:58:15","slug":"nanoscopi","status":"publish","type":"page","link":"https:\/\/microastronomia.cosmozoom.eu\/?page_id=48","title":{"rendered":"nanoScopi 50"},"content":{"rendered":"<address>\u00a0<a href=\"http:\/\/microastronomia.astroedu.net\/wp-content\/uploads\/2014\/04\/zDSCN0350.jpg\"><img loading=\"lazy\" decoding=\"async\" class=\"wp-image-239 alignright\" style=\"border: 5px solid black;\" alt=\"zDSCN0350\" src=\"http:\/\/microastronomia.astroedu.net\/wp-content\/uploads\/2014\/04\/zDSCN0350-300x239.jpg\" width=\"282\" height=\"224\" srcset=\"https:\/\/microastronomia.cosmozoom.eu\/wp-content\/uploads\/2014\/04\/zDSCN0350-300x239.jpg 300w, https:\/\/microastronomia.cosmozoom.eu\/wp-content\/uploads\/2014\/04\/zDSCN0350-1024x816.jpg 1024w, https:\/\/microastronomia.cosmozoom.eu\/wp-content\/uploads\/2014\/04\/zDSCN0350-188x150.jpg 188w, https:\/\/microastronomia.cosmozoom.eu\/wp-content\/uploads\/2014\/04\/zDSCN0350-150x119.jpg 150w, https:\/\/microastronomia.cosmozoom.eu\/wp-content\/uploads\/2014\/04\/zDSCN0350.jpg 1200w\" sizes=\"(max-width: 282px) 100vw, 282px\" \/><\/a><a href=\"http:\/\/microastronomia.astroedu.net\/wp-content\/uploads\/2014\/04\/zDSCN0372.jpg\"><img loading=\"lazy\" decoding=\"async\" class=\"size-medium wp-image-240 alignleft\" style=\"border: 5px solid black;\" alt=\"zDSCN0372\" src=\"http:\/\/microastronomia.astroedu.net\/wp-content\/uploads\/2014\/04\/zDSCN0372-300x225.jpg\" width=\"300\" height=\"225\" srcset=\"https:\/\/microastronomia.cosmozoom.eu\/wp-content\/uploads\/2014\/04\/zDSCN0372-300x225.jpg 300w, https:\/\/microastronomia.cosmozoom.eu\/wp-content\/uploads\/2014\/04\/zDSCN0372-1024x768.jpg 1024w, https:\/\/microastronomia.cosmozoom.eu\/wp-content\/uploads\/2014\/04\/zDSCN0372-200x150.jpg 200w, https:\/\/microastronomia.cosmozoom.eu\/wp-content\/uploads\/2014\/04\/zDSCN0372-150x112.jpg 150w, https:\/\/microastronomia.cosmozoom.eu\/wp-content\/uploads\/2014\/04\/zDSCN0372.jpg 1200w\" sizes=\"(max-width: 300px) 100vw, 300px\" \/><\/a><\/address>\n<address><strong>\u00a0<\/strong><\/address>\n<address><strong>Tipo:<\/strong> Maksutov-Cassegrain<\/address>\n<address><strong>Di\u00e1metro:<\/strong> 50 mm<\/address>\n<address><strong>Relaci\u00f3n Focal:<\/strong> F\/11.6<\/address>\n<address><strong>Distancia Focal:<\/strong> 580 mm<\/address>\n<address><strong>Campo m\u00e1ximo \u00fatil:<\/strong> 2.5\u00ba<\/address>\n<address><strong>Peso:<\/strong> 780g<\/address>\n<address><strong>Dimensiones (L x D):<\/strong> 240mm x 80mm<\/address>\n<address><span style=\"color: #ffffff;\">\u00a0&#8230;&#8230;&#8230;&#8230;&#8230;&#8230;&#8230;&#8230;&#8230;&#8230;&#8230;&#8230;&#8230;&#8230;&#8230;&#8230;&#8230;&#8230;&#8230;&#8230;&#8230;&#8230;&#8230;&#8230;&#8230;&#8230;&#8230;&#8230;&#8230;&#8230;&#8230;&#8230;&#8230;&#8230;&#8230;&#8230;&#8230;.<\/span><\/address>\n<p style=\"text-align: justify;\"><span style=\"color: #ffffff;\">&#8230;&#8230;&#8230;&#8230;&#8230;&#8230;&#8230;&#8230;&#8230;..<\/span><\/p>\n<p style=\"text-align: justify;\">MiniMak de escasa calidad \u00f3ptica. Su prisma erector interno destruye buena parte de su potencial como telescopio nocturno. Ofrece im\u00e1genes poco n\u00edtidas y contrastadas. Sirve de test de visibilidad: si algo se ve con \u00e9l, seguro que est\u00e1 al alcanze de casi cualquier instrumento. En realidad es un telescopio de tipo terrestre, para observaci\u00f3n de aves y animales que se encuentren a corta distancia. Su principal atractivo radica en poder sustituir su ocular zoom original por un portaocular de 1.25&#8243;, permitiendo intercambiar oculares.<\/p>\n<p>&nbsp;<\/p>\n<h2><span style=\"text-decoration: underline; color: #333333;\"><strong>OBJETOS OBSERVADOS CON EL nanoScopi<\/strong><\/span><\/h2>\n<p><em>Se listan objetos observados por el autor bajo un cielo de magnitud l\u00edmite 6.5-6.7, entre 3 y 4 en la escala de Bortle, con la zona Sur con algo de contaminaci\u00f3n lum\u00ednica. <\/em>Seg\u00fan su nivel de dificultad: en <em>letra <strong>oscura<\/strong> para objetos f\u00e1ciles de percibir, en <span style=\"color: #ffcc00;\">\u00e1mbar<\/span> para los de dificultad media y en <span style=\"color: #ff0000;\">rojo<\/span> para los dif\u00edciles pero a\u00fan accesibles. Acr\u00f3nimos usados: VD: Visi\u00f3n Directa, VL: Visi\u00f3n Lateral. <em>Oculares empleados:<span style=\"color: #808080;\"> Gs042Superview, William Optics Swan40, Meade Plossl 26, PentaxXW20, Nagler16, PentaxXW10, Meade Plossl 9.7, PentaxXW5, VixenLV 2.5, Powermate 2.5x.<\/span><\/em><br \/>\n<\/em><\/p>\n<address>\u00a0<\/address>\n<p><span style=\"text-decoration: underline;\">LUNA<\/span><br \/>\n&#8211;<strong>Mares, cr\u00e1teres y otras estructuras.<\/strong><\/p>\n<p><span style=\"text-decoration: underline;\">PLANETAS<\/span><br \/>\n&#8211;<strong>J\u00fapiter<\/strong>: <span style=\"color: #ffcc00;\">principales bandas nubosas<\/span>. Io, Euroa, Gan\u00edmedes y Calisto son visibles.<br \/>\n&#8211;<strong>Saturno<\/strong>: anillos visibles perfectamente a 25x.<\/p>\n<p><span style=\"text-decoration: underline;\">ESTRELLAS DOBLES O M\u00daLTIPLES<\/span><br \/>\n&#8211;<strong>Trapecio de Ori\u00f3n (Theta)<\/strong>: visibles 3 estrellas a 58x.<\/p>\n<p><span style=\"text-decoration: underline;\">C\u00daMULOS ABIERTOS<\/span><br \/>\n&#8211;<strong>M41<\/strong>: resoluble en estrellas.<br \/>\n&#8211;<strong>NGC869&amp;884<\/strong>: resoluble en estrellas, aspecto apagado.<\/p>\n<p><span style=\"text-decoration: underline;\">GALAXIAS<\/span><br \/>\n&#8211;<strong>M51<\/strong>: visible perfectamente a 25x, con la compa\u00f1era y el puente que supuestamente las une.<\/p>\n","protected":false},"excerpt":{"rendered":"<p>\u00a0 \u00a0 Tipo: Maksutov-Cassegrain Di\u00e1metro: 50 mm Relaci\u00f3n Focal: F\/11.6 Distancia Focal: 580 mm Campo m\u00e1ximo \u00fatil: 2.5\u00ba Peso: 780g<\/p>\n<p><a href=\"https:\/\/microastronomia.cosmozoom.eu\/?page_id=48\" class=\"more-link\">Seguir leyendo<span class=\"screen-reader-text\">nanoScopi 50<\/span><\/a><\/p>\n","protected":false},"author":1,"featured_media":0,"parent":825,"menu_order":1,"comment_status":"closed","ping_status":"closed","template":"","meta":{"footnotes":""},"_links":{"self":[{"href":"https:\/\/microastronomia.cosmozoom.eu\/index.php?rest_route=\/wp\/v2\/pages\/48"}],"collection":[{"href":"https:\/\/microastronomia.cosmozoom.eu\/index.php?rest_route=\/wp\/v2\/pages"}],"about":[{"href":"https:\/\/microastronomia.cosmozoom.eu\/index.php?rest_route=\/wp\/v2\/types\/page"}],"author":[{"embeddable":true,"href":"https:\/\/microastronomia.cosmozoom.eu\/index.php?rest_route=\/wp\/v2\/users\/1"}],"replies":[{"embeddable":true,"href":"https:\/\/microastronomia.cosmozoom.eu\/index.php?rest_route=%2Fwp%2Fv2%2Fcomments&post=48"}],"version-history":[{"count":39,"href":"https:\/\/microastronomia.cosmozoom.eu\/index.php?rest_route=\/wp\/v2\/pages\/48\/revisions"}],"predecessor-version":[{"id":1089,"href":"https:\/\/microastronomia.cosmozoom.eu\/index.php?rest_route=\/wp\/v2\/pages\/48\/revisions\/1089"}],"up":[{"embeddable":true,"href":"https:\/\/microastronomia.cosmozoom.eu\/index.php?rest_route=\/wp\/v2\/pages\/825"}],"wp:attachment":[{"href":"https:\/\/microastronomia.cosmozoom.eu\/index.php?rest_route=%2Fwp%2Fv2%2Fmedia&parent=48"}],"curies":[{"name":"wp","href":"https:\/\/api.w.org\/{rel}","templated":true}]}}