{"id":41,"date":"2014-04-01T09:46:20","date_gmt":"2014-04-01T09:46:20","guid":{"rendered":"http:\/\/microastronomia.astroedu.net\/?page_id=41"},"modified":"2023-07-07T10:01:45","modified_gmt":"2023-07-07T10:01:45","slug":"binonino","status":"publish","type":"page","link":"https:\/\/microastronomia.cosmozoom.eu\/?page_id=41","title":{"rendered":"binoNinos"},"content":{"rendered":"<address>\u00a0<strong><a href=\"https:\/\/microastronomia.cosmozoom.eu\/wp-content\/uploads\/2014\/04\/DSCN0313.jpg\"><img loading=\"lazy\" decoding=\"async\" class=\"wp-image-58 alignleft\" style=\"border: 5px solid black;\" src=\"http:\/\/microastronomia.astroedu.net\/wp-content\/uploads\/2014\/04\/DSCN0313-300x190.jpg\" alt=\"binoninos\" width=\"300\" height=\"190\" srcset=\"https:\/\/microastronomia.cosmozoom.eu\/wp-content\/uploads\/2014\/04\/DSCN0313-300x190.jpg 300w, https:\/\/microastronomia.cosmozoom.eu\/wp-content\/uploads\/2014\/04\/DSCN0313-1024x648.jpg 1024w, https:\/\/microastronomia.cosmozoom.eu\/wp-content\/uploads\/2014\/04\/DSCN0313-236x150.jpg 236w, https:\/\/microastronomia.cosmozoom.eu\/wp-content\/uploads\/2014\/04\/DSCN0313-150x95.jpg 150w, https:\/\/microastronomia.cosmozoom.eu\/wp-content\/uploads\/2014\/04\/DSCN0313-318x201.jpg 318w, https:\/\/microastronomia.cosmozoom.eu\/wp-content\/uploads\/2014\/04\/DSCN0313.jpg 1200w\" sizes=\"(max-width: 300px) 100vw, 300px\" \/><\/a><\/strong><a href=\"https:\/\/microastronomia.cosmozoom.eu\/wp-content\/uploads\/2014\/04\/Comparativa.jpg\"><img loading=\"lazy\" decoding=\"async\" class=\"alignright wp-image-81\" style=\"border: 5px solid black;\" src=\"http:\/\/microastronomia.astroedu.net\/wp-content\/uploads\/2014\/04\/Comparativa-300x286.jpg\" alt=\"Comparativa\" width=\"206\" height=\"198\" srcset=\"https:\/\/microastronomia.cosmozoom.eu\/wp-content\/uploads\/2014\/04\/Comparativa-157x150.jpg 157w, https:\/\/microastronomia.cosmozoom.eu\/wp-content\/uploads\/2014\/04\/Comparativa-150x143.jpg 150w\" sizes=\"(max-width: 206px) 100vw, 206px\" \/><\/a><\/address>\n<address><strong>Tipo:<\/strong> Binocular Galileano (objetivo Gauss)<\/address>\n<address><strong>Di\u00e1metro:<\/strong> 40 mm (real estimado en binocular \u2248 15 mm)<\/address>\n<address><strong>Aumento:<\/strong> 2.3X al infinito.<\/address>\n<address><strong>Campo m\u00e1ximo \u00fatil:<\/strong> 28\u00ba<\/address>\n<address><strong>Peso:<\/strong> 280g<span style=\"color: #ffffff;\">&#8230;&#8230;&#8230;&#8230;..<\/span><\/address>\n<p style=\"text-align: justify;\"><span style=\"color: #ffffff;\">&#8230;&#8230;&#8230;&#8230;&#8230;&#8230;&#8230;&#8230;&#8230;&#8230;&#8230;..<\/span><\/p>\n<p style=\"text-align: justify;\"><span style=\"color: #ffffff;\">&#8230;&#8230;&#8230;&#8230;&#8230;&#8230;&#8230;&#8230;.<\/span><\/p>\n<h2><\/h2>\n<p style=\"text-align: justify;\"><span style=\"color: #ffffff;\">..<\/span><\/p>\n<h2><span style=\"color: #ffffff;\"><a href=\"https:\/\/microastronomia.cosmozoom.eu\/wp-content\/uploads\/2014\/04\/DavidGoliat.jpg\"><img loading=\"lazy\" decoding=\"async\" class=\"alignright wp-image-82\" style=\"border: 5px solid black;\" src=\"http:\/\/microastronomia.astroedu.net\/wp-content\/uploads\/2014\/04\/DavidGoliat-300x169.jpg\" alt=\"\" width=\"237\" height=\"158\" \/><\/a><\/span><\/h2>\n<p style=\"text-align: justify;\">Uno de mis instrumentos preferidos. Se trata de un binocular \u00fanico en su especie ya que ofrece unos 28\u00ba de campo con una correcci\u00f3n m\u00e1s que razonable. Se empez\u00f3 a fabricar en Rusia y luego se comercializ\u00f3 en Estados Unidos con el nombre de Binoview28 al que apodaron \u00abOwl eyes\u00bb. Actualmente se fabrican en china y en Jap\u00f3n versiones mejoradas de las anteriores.<\/p>\n<p style=\"text-align: justify;\">Como todo galileano ofrece una imagen sin invertir, no existe una pupila de salida real, la abertura del instrumento depende de lo dilatadas que est\u00e9n las pupilas del observador y el campo abarcado del di\u00e1metro del objetivo y de la proximidad de los ojos a los oculares. De construcci\u00f3n s\u00f3lida, sin pl\u00e1sticos, requiere de un poco de entrenamiento para su uso: para aprovechar su rendimiento al m\u00e1ximo la colocaci\u00f3n de los ojos es fundamental y para aprovechar sus 28\u00ba de campo, se deben pegar los ojos a los oculares, lo que los hace poco aconsejables a los usuarios que observen con gafas.<\/p>\n<h2><\/h2>\n<address style=\"text-align: center;\"><a href=\"https:\/\/microastronomia.cosmozoom.eu\/wp-content\/uploads\/2014\/04\/DSCN0310.jpg\"><img loading=\"lazy\" decoding=\"async\" class=\"alignright wp-image-83\" style=\"border: 5px solid black;\" src=\"http:\/\/microastronomia.astroedu.net\/wp-content\/uploads\/2014\/04\/DSCN0310-300x212.jpg\" alt=\"DSCN0310\" width=\"237\" height=\"175\" \/><\/a> <a href=\"https:\/\/microastronomia.cosmozoom.eu\/wp-content\/uploads\/2014\/04\/DSCN0312.jpg\"><img loading=\"lazy\" decoding=\"async\" class=\"alignleft wp-image-84\" style=\"border: 5px solid black;\" src=\"http:\/\/microastronomia.astroedu.net\/wp-content\/uploads\/2014\/04\/DSCN0312-300x225.jpg\" alt=\"DSCN0312\" width=\"237\" height=\"204\" \/><\/a><span style=\"color: #ffffff;\"> .<\/span><\/address>\n<p>Permite observar constelaciones enteras como la \u00d3sa Mayor u Ori\u00f3n, admite el uso de filtros nebulares e incrementa la visi\u00f3n normal en un par de magnitudes. Este peque\u00f1o te convierte en un verdadero \u00abHombre-Buho\u00bb.<span style=\"color: #ffffff;\"><span style=\"color: #ffffff;\">&#8230;.<\/span><\/span><\/p>\n<figure id=\"attachment_936\" aria-describedby=\"caption-attachment-936\" style=\"width: 180px\" class=\"wp-caption aligncenter\"><a href=\"https:\/\/microastronomia.cosmozoom.eu\/wp-content\/uploads\/2014\/04\/z20150915112045.jpg\"><img loading=\"lazy\" decoding=\"async\" class=\"wp-image-936\" style=\"border: 3px solid black;\" src=\"http:\/\/microastronomia.astroedu.net\/wp-content\/uploads\/2014\/04\/z20150915112045-300x265.jpg\" alt=\"\u00bfEl hombre mosca? \u00bfun psic\u00f3pata?... No, se trata de un gadget que permite usar los binoNinos a modo de gafas.\" width=\"180\" height=\"159\" srcset=\"https:\/\/microastronomia.cosmozoom.eu\/wp-content\/uploads\/2014\/04\/z20150915112045-300x265.jpg 300w, https:\/\/microastronomia.cosmozoom.eu\/wp-content\/uploads\/2014\/04\/z20150915112045-169x150.jpg 169w, https:\/\/microastronomia.cosmozoom.eu\/wp-content\/uploads\/2014\/04\/z20150915112045-150x132.jpg 150w, https:\/\/microastronomia.cosmozoom.eu\/wp-content\/uploads\/2014\/04\/z20150915112045.jpg 635w\" sizes=\"(max-width: 180px) 100vw, 180px\" \/><\/a><figcaption id=\"caption-attachment-936\" class=\"wp-caption-text\"><\/p>\n<address>\u00bfHombre mosca? \u00bfpsic\u00f3pata?&#8230; No, un gadget que permite usar los binoNinos a modo de gafas.<\/address>\n<p><\/figcaption><\/figure><\/dt>\n<dd class=\"wp-caption-dd\">\n<address>\u00a0<\/address>\n<\/dd>\n<\/dl>\n<address><span style=\"color: #ffffff;\">&#8230;&#8230;&#8230;&#8230;&#8230;&#8230;&#8230;<\/span><\/address>\n<h2><\/h2>\n<address style=\"text-align: center;\"><span style=\"color: #ffffff;\">&#8230;&#8230;&#8230;..<\/span><\/address>\n<h2><\/h2>\n<h2><\/h2>\n<h2><\/h2>\n<h2><span style=\"text-decoration: underline; color: #333333;\"><span style=\"text-decoration: underline;\"><strong>OBJETOS OBSERVADOS CON LOS binoNinos<\/strong><\/span><\/span><\/h2>\n<p><em>Se listan objetos observados por el autor bajo un cielo de magnitud l\u00edmite 6.5-6.7, entre 3 y 4 en la escala de Bortle, con la zona Sur con algo de contaminaci\u00f3n lum\u00ednica. <\/em>Seg\u00fan su nivel de dificultad: en <em>letra <strong>oscura<\/strong> para objetos f\u00e1ciles de percibir, en <span style=\"color: #ffcc00;\">\u00e1mbar<\/span> para los de dificultad media y en<span style=\"color: #ff0000;\"> rojo<\/span> para los dif\u00edciles pero a\u00fan accesibles. Acr\u00f3nimos usados: VD: Visi\u00f3n Directa, VL: Visi\u00f3n Lateral.<\/em><\/p>\n<p><span style=\"color: #ffffff;\">&#8230;&#8230;.<\/span><br \/>\n<span style=\"text-decoration: underline;\">LUNA<\/span><br \/>\n&#8211;<strong>Mares<\/strong>: Crisium, Tranquilitatis, Fecunditatis, Serenitatis.<br \/>\n&#8211;<strong>Otros accidentes geogr\u00e1ficos<\/strong>: cr\u00e1ter Tycho, cr\u00e1ter Copernicus, regi\u00f3n de Kepler, regi\u00f3n de Aristarchus, <span style=\"color: #ff0000;\">Plato<span style=\"color: #333333;\">,<\/span><\/span> <span style=\"color: #ffcc00;\">Palus Putredinis<\/span>.<\/p>\n<p><span style=\"text-decoration: underline;\">PLANETAS<\/span><br \/>\n&#8211;<strong>Mercurio<\/strong>: blanquezino, apariencia estelar.<br \/>\n&#8211;<strong>Venus<\/strong>:\u00a0 blanco, apariencia estelar.<br \/>\n&#8211;<strong>Marte<\/strong>: rojizo, apariencia estelar.<br \/>\n&#8211;<strong>J\u00fapiter<\/strong>: blanco, apariencia estelar. No sat\u00e9lites visibles.<br \/>\n&#8211;<strong>Saturno<\/strong>: amarillo p\u00e1lido, apariencia estelar.<br \/>\n&#8211;<strong>Urano<\/strong>: sin color, apariencia estelar.<br \/>\n&#8211;<strong>Neptuno<\/strong>: sin color, apariencia estelar.<\/p>\n<p><span style=\"text-decoration: underline;\">ESTRELLAS DOBLES Y M\u00daLTIPLES<\/span><br \/>\n&#8211;<strong>Epsilon Lyrae<\/strong>:\u00a0 f\u00e1cilmente visibles las 2 componentes principales.<br \/>\n&#8211;<strong>16-17 Draconis<\/strong>: se desdobla bien.<\/p>\n<p><span style=\"text-decoration: underline;\">C\u00daMULOS ABIERTOS<\/span><br \/>\n&#8211;<strong>M6<\/strong>: se empieza a resolver la mariposa en estrellas.<br \/>\n&#8211;<strong>M7<\/strong>: visible.<br \/>\n&#8211;<strong>M11<\/strong>: visible a modo de nubecilla.<br \/>\n&#8211;<strong>M34<\/strong>: F\u00e1cilmente visible en VD, nucleo concentrado con cierto halo. Algunas estrellas brillantes superpuestas, indicios de resoluci\u00f3n.<br \/>\n&#8211;<strong>M36<\/strong>: brillante en VD, aspecto de globular. No resoluble.<br \/>\n&#8211;<strong>M37<\/strong>: bastante brillante y menos concentrado que M36 en VD, aspecto de globular. No resoluble.<br \/>\n&#8211;<strong>M38<\/strong>: grande y m\u00e1s difuso que M37 en VD, aspecto de globular. No resoluble.<br \/>\n&#8211;<strong>M39<\/strong>: bonito con este instrumento.<br \/>\n&#8211;<strong>M44<\/strong>: se desgrana en estrellas, buen objeto para este instumento.<br \/>\n&#8211;<strong>NGC869&amp;884 (doble de Perseo)<\/strong>: el del sur (NGC884) se muestra disperso, sin n\u00facleo destacable, empieza a resolverse en estrellas. NGC869 es m\u00e1s concentrado y sigue envuelto a\u00fan en cierta nebulosidad, m\u00e1s dif\u00edcil de resolver en estrellas.<br \/>\n&#8211;<strong>NGC6633<\/strong>: visible en VD.<br \/>\n&#8211;<strong>IC4665 (Lirio de mar)<\/strong>: se empieza a resover en estrellas.<br \/>\n&#8211;<strong>Cr399 (La percha)<\/strong>: se resuelve en estrellas.<\/p>\n<p><span style=\"text-decoration: underline;\">C\u00daMULOS GLOBULARES<\/span><br \/>\n&#8211;<strong>M2<\/strong>: brillante en VD, como una estrella d\u00e9bilmente desenfocada que dificulta desentra\u00f1ar su naturaleza globular.<br \/>\n&#8211;<span style=\"color: #ffcc00;\">M4<\/span>: visible.<br \/>\n&#8211;<strong>M13<\/strong>: min\u00fascula bolita de luz.<br \/>\n&#8211;<strong>M15<\/strong>: al lado de una estrella. Da la sensaci\u00f3n de nubecilla irregular en VD, seguramente debido a estrellas cercanas, especialmente una pegada bajo el c\u00famulo de magnitud 7.3.<br \/>\n&#8211;<strong>M22<\/strong>: visible.<\/p>\n<p><span style=\"text-decoration: underline;\">NEBULOSAS<\/span><br \/>\n&#8211;<strong>M8<\/strong>: se ve bastante brillante.<br \/>\n&#8211;<strong>NGC7000 (Norteam\u00e9rica)<\/strong>: visible, mejor con filtros OIII o UHC.<\/p>\n<p style=\"text-align: left;\"><span style=\"text-decoration: underline;\">GALAXIAS<\/span><br \/>\n&#8211;<strong>M31<\/strong>: enorme, mejor que simple vista.<br \/>\n&#8211;<span style=\"color: #ffcc00;\"><strong><span style=\"color: #333333;\">M33<\/span><\/strong><span style=\"color: #333333;\"><span style=\"color: #888888;\">:<\/span> nubecilla ovalada en VD.<\/span><\/span><br \/>\n&#8211;<strong>M81<\/strong>: <span style=\"color: #ffcc00;\"><span style=\"color: #333333;\">nubecilla en VD.<\/span><\/span><br \/>\n&#8211;<span style=\"color: #ffcc00;\">M82<\/span>: peque\u00f1a <span style=\"color: #ffcc00;\"><span style=\"color: #333333;\">nubecilla en VL.<\/span><\/span><\/p>\n","protected":false},"excerpt":{"rendered":"<p>\u00a0 Tipo: Binocular Galileano (objetivo Gauss) Di\u00e1metro: 40 mm (real estimado en binocular \u2248 15 mm) Aumento: 2.3X al infinito.<\/p>\n<p><a href=\"https:\/\/microastronomia.cosmozoom.eu\/?page_id=41\" class=\"more-link\">Seguir leyendo<span class=\"screen-reader-text\">binoNinos<\/span><\/a><\/p>\n","protected":false},"author":1,"featured_media":0,"parent":823,"menu_order":3,"comment_status":"closed","ping_status":"closed","template":"","meta":{"footnotes":""},"_links":{"self":[{"href":"https:\/\/microastronomia.cosmozoom.eu\/index.php?rest_route=\/wp\/v2\/pages\/41"}],"collection":[{"href":"https:\/\/microastronomia.cosmozoom.eu\/index.php?rest_route=\/wp\/v2\/pages"}],"about":[{"href":"https:\/\/microastronomia.cosmozoom.eu\/index.php?rest_route=\/wp\/v2\/types\/page"}],"author":[{"embeddable":true,"href":"https:\/\/microastronomia.cosmozoom.eu\/index.php?rest_route=\/wp\/v2\/users\/1"}],"replies":[{"embeddable":true,"href":"https:\/\/microastronomia.cosmozoom.eu\/index.php?rest_route=%2Fwp%2Fv2%2Fcomments&post=41"}],"version-history":[{"count":107,"href":"https:\/\/microastronomia.cosmozoom.eu\/index.php?rest_route=\/wp\/v2\/pages\/41\/revisions"}],"predecessor-version":[{"id":1367,"href":"https:\/\/microastronomia.cosmozoom.eu\/index.php?rest_route=\/wp\/v2\/pages\/41\/revisions\/1367"}],"up":[{"embeddable":true,"href":"https:\/\/microastronomia.cosmozoom.eu\/index.php?rest_route=\/wp\/v2\/pages\/823"}],"wp:attachment":[{"href":"https:\/\/microastronomia.cosmozoom.eu\/index.php?rest_route=%2Fwp%2Fv2%2Fmedia&parent=41"}],"curies":[{"name":"wp","href":"https:\/\/api.w.org\/{rel}","templated":true}]}}