{"id":366,"date":"2014-09-04T11:39:07","date_gmt":"2014-09-04T11:39:07","guid":{"rendered":"http:\/\/microastronomia.astroedu.net\/?page_id=366"},"modified":"2015-09-24T20:54:52","modified_gmt":"2015-09-24T20:54:52","slug":"zeiss-c-50","status":"publish","type":"page","link":"https:\/\/microastronomia.cosmozoom.eu\/?page_id=366","title":{"rendered":"Zeiss C-50"},"content":{"rendered":"<address><strong>Tipo:<\/strong> Refractor acrom\u00e1tico<a href=\"http:\/\/microastronomia.astroedu.net\/wp-content\/uploads\/2014\/09\/celda-zeiss-50.jpg\"><img loading=\"lazy\" decoding=\"async\" class=\"alignright  wp-image-373\" style=\"border: 5px solid black;\" alt=\"celda zeiss 50\" src=\"http:\/\/microastronomia.astroedu.net\/wp-content\/uploads\/2014\/09\/celda-zeiss-50-300x276.jpg\" width=\"167\" height=\"152\" \/><\/a><a href=\"http:\/\/microastronomia.astroedu.net\/wp-content\/uploads\/2014\/09\/Zeiss.jpg\"><img loading=\"lazy\" decoding=\"async\" class=\"alignright  wp-image-712\" style=\"border: 5px solid black;\" alt=\"\" src=\"http:\/\/microastronomia.astroedu.net\/wp-content\/uploads\/2014\/09\/Zeiss-281x300.jpg\" width=\"169\" height=\"180\" srcset=\"https:\/\/microastronomia.cosmozoom.eu\/wp-content\/uploads\/2014\/09\/Zeiss-281x300.jpg 281w, https:\/\/microastronomia.cosmozoom.eu\/wp-content\/uploads\/2014\/09\/Zeiss-140x150.jpg 140w, https:\/\/microastronomia.cosmozoom.eu\/wp-content\/uploads\/2014\/09\/Zeiss.jpg 800w\" sizes=\"(max-width: 169px) 100vw, 169px\" \/><\/a><\/address>\n<address><strong>Di\u00e1metro:<\/strong> 50mm<\/address>\n<address><strong>Relaci\u00f3n Focal<\/strong>: F\/10.8<\/address>\n<address><strong>Distancia Focal:<\/strong> 540mm<\/address>\n<address><strong>Campo m\u00e1ximo \u00fatil:<\/strong> 5\u00ba<\/address>\n<address>\u00a0<\/address>\n<p>Refractor de la m\u00edtica firma Carl Zeiss Jena. \u00d3ptica original entubada artesanalmente en aluminio pintado de negro con enfocador crayford de 2&#8243;. Ofrece im\u00e1genes de notable exquisitez y en estrellas dobles su comportamiento es extraordinario.<\/p>\n<address>\u00a0<\/address>\n<address>\u00a0<\/address>\n<h2><span style=\"text-decoration: underline;\"><strong>OBJETOS OBSERVADOS CON Zeiss C-50<\/strong><\/span><\/h2>\n<p><em>Se listan objetos observados por el autor bajo un cielo de magnitud l\u00edmite 6.5-6.7, entre 3 y 4 en la escala de Bortle, con la zona Sur con algo de contaminaci\u00f3n lum\u00ednica. <\/em>Seg\u00fan su nivel de dificultad: en <em>letra <strong>oscura<\/strong> para objetos <\/em><em>f\u00e1ciles de percibir, en <span style=\"color: #ffcc00;\">\u00e1mbar<\/span> para los de dificultad media y en <span style=\"color: #ff0000;\">rojo<\/span> para los dif\u00edciles pero a\u00fan accesibles. Acr\u00f3nimos usados: VD: Visi\u00f3n Directa, VL: Visi\u00f3n Lateral. <em>Oculares empleados: <span style=\"color: #808080;\">Gs042Superview, William Optics Swan40, Meade Plossl 26, PentaxXW20, Nagler16, PentaxXW10, Meade Plossl <\/span><\/em><\/em><em><em><span style=\"color: #808080;\">9.7, PentaxXW5, VixenLV 2.5, Powermate 2.5x.<\/span><\/em><br \/>\n<\/em><\/p>\n<address>\u00a0<a href=\"http:\/\/microastronomia.astroedu.net\/wp-content\/uploads\/2014\/09\/Venus-Juliol-2015.jpg\"><img loading=\"lazy\" decoding=\"async\" class=\"wp-image-816 aligncenter\" style=\"border: 5px solid black;\" alt=\"\" src=\"http:\/\/microastronomia.astroedu.net\/wp-content\/uploads\/2014\/09\/Venus-Juliol-2015-300x211.jpg\" width=\"192\" height=\"135\" srcset=\"https:\/\/microastronomia.cosmozoom.eu\/wp-content\/uploads\/2014\/09\/Venus-Juliol-2015-300x211.jpg 300w, https:\/\/microastronomia.cosmozoom.eu\/wp-content\/uploads\/2014\/09\/Venus-Juliol-2015-212x150.jpg 212w, https:\/\/microastronomia.cosmozoom.eu\/wp-content\/uploads\/2014\/09\/Venus-Juliol-2015-150x105.jpg 150w, https:\/\/microastronomia.cosmozoom.eu\/wp-content\/uploads\/2014\/09\/Venus-Juliol-2015.jpg 800w\" sizes=\"(max-width: 192px) 100vw, 192px\" \/><\/a><\/address>\n<p><span style=\"text-decoration: underline;\">PLANETAS<\/span><br \/>\n&#8211;<strong>Marte<\/strong>: <span style=\"color: #ffcc00;\">casquetes polares<\/span> y <span style=\"color: #ffcc00;\">regiones oscuras<\/span>.<br \/>\n&#8211;<strong>Saturno<\/strong>: <span style=\"color: #ffcc00;\">divisi\u00f3n de Cassini<\/span> a 108x.<\/p>\n<address>\u00a0<\/address>\n<dl class=\"wp-caption alignright\" style=\"width: 250px;\">\n<dt class=\"wp-caption-dt\"><a href=\"http:\/\/microastronomia.astroedu.net\/wp-content\/uploads\/2014\/10\/Epsilon-Zeiss.jpg\"><img loading=\"lazy\" decoding=\"async\" alt=\"    \" src=\"http:\/\/microastronomia.astroedu.net\/wp-content\/uploads\/2014\/10\/Epsilon-Zeiss-300x236.jpg\" width=\"240\" height=\"189\" \/><\/a><\/dt>\n<dd class=\"wp-caption-dd\">\n<address><em>Epsilon Lyrae con el Zeiss C-50. La imagen muestra, aproximadamente, lo que se ve a trav\u00e9s del ocular de \u00e9ste telescopio a 108x.<br \/>\n<\/em><\/address>\n<\/dd>\n<\/dl>\n<p><span style=\"text-decoration: underline;\">ESTRELLAS DOBLES, M\u00daLTIPLE<\/span><span style=\"text-decoration: underline;\">S Y PECULIARES<\/span><br \/>\n&#8211; <strong>Epsilon Lyrae<\/strong>: se desdoblan las 4 componentes a 108x. En Epsilon 2 se consigue ver la separaci\u00f3n del par a trav\u00e9s de una sutil muesca oscura. Epsilon 1 es m\u00e1s f\u00e1cil. Se percibe, a medio camino de epsilon 1 y 2, la estrella\u00a0 <span style=\"color: #333333;\">STF37<\/span>, de magnitud 10.43.<br \/>\n&#8211;<strong>Iota Cassiopeiae<\/strong>: se desdoblan los 3 componentes a 108x. No aprecio colores.<br \/>\n&#8211;<strong>Epsilon Bootis (Izar)<\/strong>: se desdobla a 108x, 170x, 270x, e incluso a 430x. La secundaria, de color azulado, siempre dentro del primer anillo de difracci\u00f3n.<br \/>\n&#8211;<strong>Gamma Delphini<\/strong>: f\u00e1cil de resolver y muy bonita a 27x, con la principal amarillenta y la peque\u00f1a verdosa.<\/p>\n<p><span style=\"text-decoration: underline;\">C\u00daMULOS ABIERTOS<\/span><br \/>\n&#8211;<strong>M52<\/strong>: brillante, se resuelve en estrellas a 54x.<br \/>\n&#8211;<strong>NGC7789 (la Rosa de Carolina)<\/strong>: a 27x, grande, brillante y denso, parece a medio camino entre c\u00famulo abierto y globular.<\/p>\n<p><span style=\"text-decoration: underline;\">C\u00daMULOS GLOBULARES<\/span><\/p>\n<address class=\"mceTemp\">\n<dl class=\"wp-caption alignright\" id=\"attachment_771\" style=\"width: 250px;\">\n<dt class=\"wp-caption-dt\"><a href=\"http:\/\/microastronomia.astroedu.net\/wp-content\/uploads\/2014\/09\/IOTA-CASSIOPEIAE.jpg\"><img loading=\"lazy\" decoding=\"async\" class=\"wp-image-771 \" alt=\"IOTA-CASSIOPEIAE\" src=\"http:\/\/microastronomia.astroedu.net\/wp-content\/uploads\/2014\/09\/IOTA-CASSIOPEIAE-300x235.jpg\" width=\"240\" height=\"188\" srcset=\"https:\/\/microastronomia.cosmozoom.eu\/wp-content\/uploads\/2014\/09\/IOTA-CASSIOPEIAE-300x235.jpg 300w, https:\/\/microastronomia.cosmozoom.eu\/wp-content\/uploads\/2014\/09\/IOTA-CASSIOPEIAE-191x150.jpg 191w, https:\/\/microastronomia.cosmozoom.eu\/wp-content\/uploads\/2014\/09\/IOTA-CASSIOPEIAE-150x117.jpg 150w, https:\/\/microastronomia.cosmozoom.eu\/wp-content\/uploads\/2014\/09\/IOTA-CASSIOPEIAE.jpg 817w\" sizes=\"(max-width: 240px) 100vw, 240px\" \/><\/a><\/dt>\n<dd class=\"wp-caption-dd\">Iota Cassiopeiae. La imagen muestra, aproximadamente, lo que se ve a trav\u00e9s del ocular de \u00e9ste telescopio a 108x.<\/dd>\n<\/dl>\n<\/address>\n<p>&#8211;<strong>M13<\/strong>: se empieza a resolver en estrellas a 170x.<\/p>\n<p><span style=\"text-decoration: underline;\">NEBULOSAS<\/span><br \/>\n&#8211;<strong>NGC1535<\/strong>: a 27x, en VD, estrellita desnfocada, similar a un peque\u00f1o globular.<br \/>\n&#8211;<strong>E de Barnard<\/strong>: a 13x la imagen de esta nebulosa oscura es muy atractiva,\u00a0 se ve perfectamente contrastada contra el fondo de estrellas.<\/p>\n<p><span style=\"text-decoration: underline;\">GALAXIAS<\/span><br \/>\n&#8211;<strong><span style=\"color: #ff0000;\">NGC6822<\/span> (Galaxia de Barnard)<\/strong>: se intuye una neblina a 13x y 27x en VL.<\/p>\n<address>\u00a0<\/address>\n<address>\u00a0<\/address>\n<address>\u00a0<\/address>\n<address>\u00a0<\/address>\n<address>\u00a0<\/address>\n<address>\u00a0<\/address>\n<address>\u00a0<\/address>\n","protected":false},"excerpt":{"rendered":"<p>Tipo: Refractor acrom\u00e1tico Di\u00e1metro: 50mm Relaci\u00f3n Focal: F\/10.8 Distancia Focal: 540mm Campo m\u00e1ximo \u00fatil: 5\u00ba \u00a0 Refractor de la m\u00edtica<\/p>\n<p><a href=\"https:\/\/microastronomia.cosmozoom.eu\/?page_id=366\" class=\"more-link\">Seguir leyendo<span class=\"screen-reader-text\">Zeiss C-50<\/span><\/a><\/p>\n","protected":false},"author":1,"featured_media":0,"parent":825,"menu_order":3,"comment_status":"closed","ping_status":"closed","template":"","meta":{"footnotes":""},"_links":{"self":[{"href":"https:\/\/microastronomia.cosmozoom.eu\/index.php?rest_route=\/wp\/v2\/pages\/366"}],"collection":[{"href":"https:\/\/microastronomia.cosmozoom.eu\/index.php?rest_route=\/wp\/v2\/pages"}],"about":[{"href":"https:\/\/microastronomia.cosmozoom.eu\/index.php?rest_route=\/wp\/v2\/types\/page"}],"author":[{"embeddable":true,"href":"https:\/\/microastronomia.cosmozoom.eu\/index.php?rest_route=\/wp\/v2\/users\/1"}],"replies":[{"embeddable":true,"href":"https:\/\/microastronomia.cosmozoom.eu\/index.php?rest_route=%2Fwp%2Fv2%2Fcomments&post=366"}],"version-history":[{"count":59,"href":"https:\/\/microastronomia.cosmozoom.eu\/index.php?rest_route=\/wp\/v2\/pages\/366\/revisions"}],"predecessor-version":[{"id":1086,"href":"https:\/\/microastronomia.cosmozoom.eu\/index.php?rest_route=\/wp\/v2\/pages\/366\/revisions\/1086"}],"up":[{"embeddable":true,"href":"https:\/\/microastronomia.cosmozoom.eu\/index.php?rest_route=\/wp\/v2\/pages\/825"}],"wp:attachment":[{"href":"https:\/\/microastronomia.cosmozoom.eu\/index.php?rest_route=%2Fwp%2Fv2%2Fmedia&parent=366"}],"curies":[{"name":"wp","href":"https:\/\/api.w.org\/{rel}","templated":true}]}}