{"id":134,"date":"2014-04-03T08:32:48","date_gmt":"2014-04-03T08:32:48","guid":{"rendered":"http:\/\/microastronomia.astroedu.net\/?page_id=134"},"modified":"2014-11-18T18:14:53","modified_gmt":"2014-11-18T18:14:53","slug":"el-hexagono-de-invierno","status":"publish","type":"page","link":"https:\/\/microastronomia.cosmozoom.eu\/?page_id=134","title":{"rendered":"El Hex\u00e1gono de Invierno"},"content":{"rendered":"<p style=\"text-align: justify;\">Suele ocurrir que las mejores sesiones de astronom\u00eda son aquellas que nos pillan por sorpresa, sin preparaci\u00f3n. Esa fr\u00eda noche la meteorolog\u00eda no promet\u00eda demasiado y me acerqu\u00e9 a mi observatorio de \u00c0ger \u00fanicamente para lidiar con monturas, ordenadores y programas inform\u00e1ticos. <i>Cacharreo <\/i>habitual e interminable para ajustar el equipo.<br \/>\nTanto ajetreo tecnol\u00f3gico me oblig\u00f3 a tomar un respiro, que consisti\u00f3 en salir fuera del observatorio a descansar mientras com\u00eda algo. Inevitablemente, alc\u00e9 la vista y me pareci\u00f3 que el cielo estaba bien, pero a\u00fan era pronto para emitir un veredicto; la pantalla del ordenador hab\u00eda hecho estragos en mis ojos. Esper\u00e9, y al cabo de unos minutos se confirm\u00f3 la sospecha: el cielo estaba imponente. Tocaba cambiar de planes.<br \/>\nHac\u00eda viento, el term\u00f3metro ya marcaba cero grados y hab\u00eda poca humedad: en resumen, una noche di\u00e1fana y cristalina, transparente a rabiar, de esas que la V\u00eda L\u00e1ctea se nos presenta como granulada, pero con una turbulencia espantosa que hac\u00eda que las estrellas bailaran \u00abCha, cha, cha\u00bb.<br \/>\nEn esas condiciones lo m\u00e1s sensato era dejar el equipo fotogr\u00e1fico trabajando a baja resoluci\u00f3n, en modo Gran Campo, mientras que en visual opt\u00e9 por observar a ojo desnudo, luego de quedarme embobado con el espect\u00e1culo que ofrec\u00eda el Hex\u00e1gono de Invierno.<br \/>\nMe puse c\u00f3modo: sentado en una silla, enfundado de ropa y con una bolsa de palomitas para ir picando. Apenas unos peque\u00f1os movimientos de cabeza eran necesarios para contemplar la gran parcela de firmamento que se mostraba ante m\u00ed. La verdad, en ese momento me sent\u00ed como en el cine. En el ordenador sonaba m\u00fasica tranquila a modo de banda sonora.<br \/>\nSon\u00f3 la claqueta: empezaba la sesi\u00f3n.<br \/>\nPlano general contrapicado del Hex\u00e1gono (delimitado por Capella, Pollux, Procion, Sirius, Rigel y Aldebaran, ah\u00ed es nada) que sali\u00f3 a escena como un asterismo de grandes dimensiones y de gran belleza. Sus luminarias centelleaban intensamente y le otorgaban un papel protagonista sin paliativos, a lo Clark Gable o Ava Gardner.<br \/>\nEl <i>cameraman <\/i>hizo un zoom centrado en Auriga, la constelaci\u00f3n de los tri\u00e1ngulos, como la apodaba en mi infancia. Al lado de la espl\u00e9ndida Capella era visible uno de ellos, el que dibujan \u03b5, \u03b7, \u03b6, y en el extremo occidental de la constelaci\u00f3n, su r\u00e9plica a la inversa secundando la estrella \u03b8 y trazado por \u03bd, \u03c4, \u03c5. Prosigui\u00f3 el film recorriendo zonas con m\u00e1s tri\u00e1ngulos de caracter\u00edsticas similares (los actores secundarios de la noche).<br \/>\nSeguidamente un <i>travelling <\/i>me condujo a M 38, grande y difuso c\u00famulo, cercano a una zona m\u00e1s rica de estrellas. Le sigui\u00f3 M36, m\u00e1s concentrado y peque\u00f1o, para luego dejar en pantalla a M 37, que en visi\u00f3n lateral me lo puso m\u00e1s dif\u00edcil a pesar de ser m\u00e1s brillante sobre el gui\u00f3n que sus compa\u00f1eros de reparto.<br \/>\nLa pel\u00edcula iba adquiriendo un extra\u00f1o argumento geom\u00e9trico y de retorno a la infancia.<br \/>\nLa acci\u00f3n continu\u00f3 en sentido contrario a las agujas del reloj, direcci\u00f3n a G\u00e9minis. En medio del camino se cruz\u00f3 un curioso rombo, a modo de \u00abextra\u00bb, delineado por un grupo de estrellas llamadas \u03c8: 1, 2, 3, 4, 5, 6, 7&#8230;<br \/>\nMientras Castor y Pollux luc\u00edan con elegancia sus respectivos maquillajes azul y rojo, la c\u00e1mara se dirigi\u00f3 en picado oblicuo hacia el centro del hex\u00e1gono, donde se pod\u00eda ver a M35, sito al final del pie del hermano azulado. El c\u00famulo se discern\u00eda sin problemas y se volv\u00eda enorme en visi\u00f3n lateral. Volvieron recuerdos de la infancia cuando imaginaba que los gemelos ten\u00edan hambre porque el rect\u00e1ngulo que forma sus cuerpos se me aparec\u00eda como un gran vac\u00edo.<br \/>\nEl siguiente fotograma me mostr\u00f3 a Canis Minor, no sin antes incluir en el decorado al cercano Pesebre. En los dominios del peque\u00f1o perro, Procion luc\u00eda amarillenta, y en su lado opuesto otro tri\u00e1ngulo, trazado por \u03b2, \u03b3, \u03b5, id\u00e9ntico y al rev\u00e9s del que se puede ver en la cabeza de Orion. Un calco.<br \/>\nTranscurr\u00eda la sesi\u00f3n entre palomita y palomita, ahora ya camino de Canis Major. Sirio era un espect\u00e1culo de luces bailando al ritmo de la atm\u00f3sfera. \u00bfDe qu\u00e9 color era? Me vinieron a la mente los dog\u00f3n de Mali y los egipcios. Al sur de la estrella m\u00e1s brillante del firmamento esperaba su entrada en escena M 41, el primer objeto de cielo profundo que vi con ayuda \u00f3ptica. Muy asequible esa noche a simple vista al lado tambi\u00e9n de otro tri\u00e1ngulo en su flanco oriental. El largometraje segu\u00eda retrotray\u00e9ndome a la infancia y rememorando figuras geom\u00e9tricas que en su d\u00eda tuvieron m\u00e1s eco en mi forma de entender el cielo que las propias constelaciones.<br \/>\nSe acercaba el desenlace de la pel\u00edcula: Orion. La ambientaci\u00f3n era ideal y el atrezzo impecable. La silueta del cazador parec\u00eda no dibujada al azar, emanando orden y armon\u00eda, de una perfecci\u00f3n inmutable que rallaba lo eterno, como si siempre tuviera que estar all\u00ed, de esa forma. Otra vez antiguas culturas acudieron a mi mente: Sumeria, Acadia y de nuevo Egipto&#8230; No es de extra\u00f1ar que todas ellas se sintieran fascinadas por los cielos. Ah\u00ed estaban Rigel, Betelgeuse, el cintur\u00f3n y la espada con su peque\u00f1a neblina en el centro, una escena que me cort\u00f3 de nuevo el aliento. Llegados aqu\u00ed, me hubiera gustado preguntarle al de al lado: \u00bfqui\u00e9n es el director de tan magn\u00edfico estreno?<br \/>\nEl arco del cazador pas\u00f3 ante mis ojos y me condujo al final de la sesi\u00f3n cinematogr\u00e1fica, Taurus, la V de mi infancia. Primer plano de Aldebaran, que interpretaba un personaje m\u00e1s p\u00e1lido y anaranjado que Betelgeuse y que aparec\u00eda rodeado por una magn\u00edfica coreograf\u00eda realizada por las H\u00edades. Un poco hacia el oeste estaban las Pl\u00e9yades, que reclamaban tambi\u00e9n su merecido papel protagonista.<br \/>\nFin, con un zoom inverso hasta llegar a una panor\u00e1mica integral del Hex\u00e1gono de Invierno. Una regi\u00f3n celeste que tras la sesi\u00f3n se me antoj\u00f3 m\u00e1s interesante a simple vista que al telescopio.<br \/>\nId a verla, sigue en cartelera.<\/p>\n<p style=\"text-align: justify;\"><strong><i>\u00a9<\/i> Eduard Garcia Ribera<\/strong><\/p>\n","protected":false},"excerpt":{"rendered":"<p>Suele ocurrir que las mejores sesiones de astronom\u00eda son aquellas que nos pillan por sorpresa, sin preparaci\u00f3n. Esa fr\u00eda noche<\/p>\n<p><a href=\"https:\/\/microastronomia.cosmozoom.eu\/?page_id=134\" class=\"more-link\">Seguir leyendo<span class=\"screen-reader-text\">El Hex\u00e1gono de Invierno<\/span><\/a><\/p>\n","protected":false},"author":1,"featured_media":0,"parent":129,"menu_order":1,"comment_status":"closed","ping_status":"closed","template":"","meta":{"footnotes":""},"_links":{"self":[{"href":"https:\/\/microastronomia.cosmozoom.eu\/index.php?rest_route=\/wp\/v2\/pages\/134"}],"collection":[{"href":"https:\/\/microastronomia.cosmozoom.eu\/index.php?rest_route=\/wp\/v2\/pages"}],"about":[{"href":"https:\/\/microastronomia.cosmozoom.eu\/index.php?rest_route=\/wp\/v2\/types\/page"}],"author":[{"embeddable":true,"href":"https:\/\/microastronomia.cosmozoom.eu\/index.php?rest_route=\/wp\/v2\/users\/1"}],"replies":[{"embeddable":true,"href":"https:\/\/microastronomia.cosmozoom.eu\/index.php?rest_route=%2Fwp%2Fv2%2Fcomments&post=134"}],"version-history":[{"count":5,"href":"https:\/\/microastronomia.cosmozoom.eu\/index.php?rest_route=\/wp\/v2\/pages\/134\/revisions"}],"predecessor-version":[{"id":343,"href":"https:\/\/microastronomia.cosmozoom.eu\/index.php?rest_route=\/wp\/v2\/pages\/134\/revisions\/343"}],"up":[{"embeddable":true,"href":"https:\/\/microastronomia.cosmozoom.eu\/index.php?rest_route=\/wp\/v2\/pages\/129"}],"wp:attachment":[{"href":"https:\/\/microastronomia.cosmozoom.eu\/index.php?rest_route=%2Fwp%2Fv2%2Fmedia&parent=134"}],"curies":[{"name":"wp","href":"https:\/\/api.w.org\/{rel}","templated":true}]}}