{"id":1150,"date":"2015-10-24T15:54:48","date_gmt":"2015-10-24T15:54:48","guid":{"rendered":"http:\/\/microastronomia.astroedu.net\/?page_id=1150"},"modified":"2021-11-01T18:09:33","modified_gmt":"2021-11-01T18:09:33","slug":"nikon-4x10","status":"publish","type":"page","link":"https:\/\/microastronomia.cosmozoom.eu\/?page_id=1150","title":{"rendered":"Nikon 4x10D"},"content":{"rendered":"<h6><strong><a href=\"http:\/\/microastronomia.astroedu.net\/wp-content\/uploads\/2015\/10\/zDSCN0754.jpg\"><img loading=\"lazy\" decoding=\"async\" class=\"size-medium wp-image-1160 alignleft\" style=\"border: 3px solid black;\" src=\"http:\/\/microastronomia.astroedu.net\/wp-content\/uploads\/2015\/10\/zDSCN0754-300x219.jpg\" alt=\"zDSCN0754\" width=\"300\" height=\"219\" srcset=\"https:\/\/microastronomia.cosmozoom.eu\/wp-content\/uploads\/2015\/10\/zDSCN0754-300x219.jpg 300w, https:\/\/microastronomia.cosmozoom.eu\/wp-content\/uploads\/2015\/10\/zDSCN0754-204x150.jpg 204w, https:\/\/microastronomia.cosmozoom.eu\/wp-content\/uploads\/2015\/10\/zDSCN0754-150x109.jpg 150w, https:\/\/microastronomia.cosmozoom.eu\/wp-content\/uploads\/2015\/10\/zDSCN0754.jpg 900w\" sizes=\"(max-width: 300px) 100vw, 300px\" \/><\/a>Tipo<\/strong><strong>:<br \/>\n<a href=\"http:\/\/microastronomia.astroedu.net\/wp-content\/uploads\/2015\/10\/zDSCN0751.jpg\"><img loading=\"lazy\" decoding=\"async\" class=\"alignright  wp-image-1162\" style=\"border: 3px solid black;\" src=\"http:\/\/microastronomia.astroedu.net\/wp-content\/uploads\/2015\/10\/zDSCN0751-300x219.jpg\" alt=\"zDSCN0751\" width=\"270\" height=\"197\" srcset=\"https:\/\/microastronomia.cosmozoom.eu\/wp-content\/uploads\/2015\/10\/zDSCN0751-300x219.jpg 300w, https:\/\/microastronomia.cosmozoom.eu\/wp-content\/uploads\/2015\/10\/zDSCN0751-204x150.jpg 204w, https:\/\/microastronomia.cosmozoom.eu\/wp-content\/uploads\/2015\/10\/zDSCN0751-150x109.jpg 150w, https:\/\/microastronomia.cosmozoom.eu\/wp-content\/uploads\/2015\/10\/zDSCN0751.jpg 900w\" sizes=\"(max-width: 270px) 100vw, 270px\" \/><\/a><\/strong> binocular prisma techo Bak4-Full Multilayer Nikon coating<br \/>\n<strong>Di\u00e1metro: 10 mm<br \/>\n<strong>Aumento: <\/strong>4x<br \/>\n<strong>Pupila de salida:\u00a0<\/strong> 2.6mm<br \/>\n<strong>Campo m\u00e1ximo \u00fatil:<\/strong> 10\u00ba<br \/>\n<strong>Peso:<\/strong> 65g<br \/>\n<strong>Dimensiones (L x D):<\/strong> 93mm x 52mm x 19mm<\/strong><span style=\"color: #ffffff;\">&#8230;..<\/span><\/h6>\n<p style=\"text-align: justify;\">Uno de los binoculares m\u00e1s peque\u00f1os del mundo. Es una delicia tenerlos en las manos, parecen una mezcla entre juguete, binoculares de \u00f3pera y joya ornamental, pero no es as\u00ed, su excelente \u00f3ptica permite alcanzar casi la 9\u00aa magnitud con un contraste y puntualidad estelar envidiables, excepto en el borde del campo (el \u00faltimo 15%). En sus aspectos negativos, cabe destacar el mejorable control de reflejos que produce observando la Luna y su ergonom\u00eda y colocaci\u00f3n ocular, que pueden ser algo dificultosas. Una vez acostumbrado a ello, se convierten en un magn\u00edfico instrumento, al que le pondr\u00eda el adjetivo de \u00abdivertido\u00bb, ya que se puede llevar siempre encima guardado en cualquier bolsillo. Bajo estas l\u00edneas mi \u00abunboxing\u00bb de los binoculares:<\/p>\n<p><span style=\"color: #ffffff;\">&#8230;.<\/span><\/p>\n<p><iframe loading=\"lazy\" src=\"https:\/\/www.youtube.com\/embed\/q_C04pmmBSM\" width=\"560\" height=\"315\" frameborder=\"0\" allowfullscreen=\"allowfullscreen\"><\/iframe><\/p>\n<address><span style=\"color: #ffffff;\">&#8230;&#8230;&#8230;.<\/span><\/p>\n<h2><strong>OBJETOS OBSERVADOS CON EL Nikon 4&#215;10<\/strong><\/h2>\n<p><em>Se listan objetos observados por el autor bajo un cielo de magnitud l\u00edmite 6.5-6.7, entre 3 y 4 en la escala de Bortle, con la zona Sur con algo de contaminaci\u00f3n lum\u00ednica. <\/em>Seg\u00fan su nivel de dificultad: en <em>letra <strong>oscura<\/strong> para objetos f\u00e1ciles de percibir, en \u00e1mbar para los de dificultad media y en rojo para los dif\u00edciles pero a\u00fan accesibles. Acr\u00f3nimos usados: VD: Visi\u00f3n Directa, VL: Visi\u00f3n Lateral.<br \/>\n<\/em><\/p>\n<p><span style=\"text-decoration: underline;\">LUNA<\/span><br \/>\n&#8211; <strong>Mares, cr\u00e1teres y otras estructuras.<\/strong><\/p>\n<p><span style=\"text-decoration: underline;\">PLANETAS<\/span><br \/>\n&#8211;<strong>Venus<\/strong>: apariencia estelar.<br \/>\n&#8211;<strong>Marte<\/strong>: apariencia estelar.<br \/>\n&#8211;<strong>J\u00fapiter<\/strong>: apariencia estelar.<br \/>\n&#8211;<strong>Saturno<\/strong>: apariencia estelar.<br \/>\n&#8211;<strong>Urano<\/strong>:\u00a0 apariencia estelar en VD.<br \/>\n&#8211;<strong>Neptuno<\/strong>:\u00a0 apariencia estelar en VD.<\/p>\n<p><span style=\"text-decoration: underline;\">ESTRELLAS DOBLES, M\u00daLTIPLES Y PECULIARES<\/span><\/p>\n<p>&#8211; <strong>Nu Draconis:<\/strong>\u00a0 clara divisi\u00f3n en VD.<br \/>\n&#8211; <strong><span style=\"color: #ffcc00;\">Zeta Lyrae<\/span>:<\/strong>\u00a0 se desdobla, la secundaria se ve bastante d\u00e9bil.<\/p>\n<p><span style=\"text-decoration: underline;\">C\u00daMULOS ABIERTOS<\/span><br \/>\n&#8211;<strong>M36-37-38: <\/strong>bonita estampa, los 3 c\u00famulos en VD, juntos en el mismo campo.<br \/>\n&#8211;<strong>M45<\/strong>: con este instrumento la imagen es muy especial.<br \/>\n&#8211;<strong>Cr399 (La Percha)<\/strong>: preciosa.<\/p>\n<p><span style=\"text-decoration: underline;\">C\u00daMULOS GLOBULARES<\/span><br \/>\n&#8211;<strong>M13:<\/strong>\u00a0 peque\u00f1a bola algodonosa, en VD.<\/p>\n<p><span style=\"text-decoration: underline;\">NEBULOSAS<\/span><br \/>\n-En preparaci\u00f3n&#8230;<\/p>\n<p><span style=\"text-decoration: underline;\">GALAXIAS<\/span><br \/>\n&#8211;<strong>M31:<\/strong>\u00a0 muy bonita.<br \/>\n&#8211;<strong>M33:<\/strong>\u00a0 \u00f3valo de luz en VD.<\/p>\n<\/address>\n","protected":false},"excerpt":{"rendered":"<p>Tipo: binocular prisma techo Bak4-Full Multilayer Nikon coating Di\u00e1metro: 10 mm Aumento: 4x Pupila de salida:\u00a0 2.6mm Campo m\u00e1ximo \u00fatil:<\/p>\n<p><a href=\"https:\/\/microastronomia.cosmozoom.eu\/?page_id=1150\" class=\"more-link\">Seguir leyendo<span class=\"screen-reader-text\">Nikon 4x10D<\/span><\/a><\/p>\n","protected":false},"author":1,"featured_media":0,"parent":821,"menu_order":3,"comment_status":"closed","ping_status":"closed","template":"","meta":{"footnotes":""},"_links":{"self":[{"href":"https:\/\/microastronomia.cosmozoom.eu\/index.php?rest_route=\/wp\/v2\/pages\/1150"}],"collection":[{"href":"https:\/\/microastronomia.cosmozoom.eu\/index.php?rest_route=\/wp\/v2\/pages"}],"about":[{"href":"https:\/\/microastronomia.cosmozoom.eu\/index.php?rest_route=\/wp\/v2\/types\/page"}],"author":[{"embeddable":true,"href":"https:\/\/microastronomia.cosmozoom.eu\/index.php?rest_route=\/wp\/v2\/users\/1"}],"replies":[{"embeddable":true,"href":"https:\/\/microastronomia.cosmozoom.eu\/index.php?rest_route=%2Fwp%2Fv2%2Fcomments&post=1150"}],"version-history":[{"count":20,"href":"https:\/\/microastronomia.cosmozoom.eu\/index.php?rest_route=\/wp\/v2\/pages\/1150\/revisions"}],"predecessor-version":[{"id":1296,"href":"https:\/\/microastronomia.cosmozoom.eu\/index.php?rest_route=\/wp\/v2\/pages\/1150\/revisions\/1296"}],"up":[{"embeddable":true,"href":"https:\/\/microastronomia.cosmozoom.eu\/index.php?rest_route=\/wp\/v2\/pages\/821"}],"wp:attachment":[{"href":"https:\/\/microastronomia.cosmozoom.eu\/index.php?rest_route=%2Fwp%2Fv2%2Fmedia&parent=1150"}],"curies":[{"name":"wp","href":"https:\/\/api.w.org\/{rel}","templated":true}]}}