{"id":110,"date":"2014-04-02T21:44:27","date_gmt":"2014-04-02T21:44:27","guid":{"rendered":"http:\/\/microastronomia.astroedu.net\/?page_id=110"},"modified":"2016-01-16T17:52:21","modified_gmt":"2016-01-16T17:52:21","slug":"instrumental","status":"publish","type":"page","link":"https:\/\/microastronomia.cosmozoom.eu\/?page_id=110","title":{"rendered":"CONCEPTO"},"content":{"rendered":"<p style=\"text-align: justify;\"><span style=\"color: #333333;\"><span style=\"color: #333333;\">MICRoASTRONOMIA consiste en un equipo de observaci\u00f3n constituido por monoculares, binoculares, tr\u00edpodes, r\u00f3tulas, gadgets, monturas y tubos \u00f3pticos de peque\u00f1o tama\u00f1o. Se caracteriza por su concepto modular de elementos intercambiables y por su facilidad de uso \u00a0y transportabilidad; tambi\u00e9n, por incorporar instrumental vintage, cl\u00e1sico o curioso, sin olvidar, en ning\u00fan momento, la observaci\u00f3n a simple vista.<br \/>\nReferente a los contenidos de este sitio, el visitante encontrar\u00e1 los instrumentos microastron\u00f3micos ordenados por di\u00e1metro (pesta\u00f1as del men\u00fa: \u2264 10mm, 11-30mm, 31-50mm y 51-70mm). Al hacer click en una pesta\u00f1a se despliega un submen\u00fa con el instrumental que est\u00e1 dentro de ese rango de abertura <em>(1)<\/em>. Para cada instrumento se incluye: una descripci\u00f3n del mismo, un listado de los objetos celestes observados y, en algunos casos, dibujos o fotograf\u00edas realizados con ellos. Algunos de los aparatos utilizados en este proyecto estan bautizados con un prefijo del Sistema Internacional (yocto, zepto, atto, pico, nano&#8230;) seguido de la palabra Scopi.<br \/>\n<\/span><\/span><\/p>\n<p style=\"text-align: justify;\"><span style=\"color: #ffffff;\">&#8230;&#8230;..<\/span><\/p>\n<address style=\"text-align: justify;\">(1) En el caso de binoculares y dise\u00f1os galileanos, se hace una estimaci\u00f3n de la abertura real en funci\u00f3n de las f\u00f3rmulas te\u00f3ricas, unas cifras que son contrastadas posteriormente con la magnitud l\u00edmite alcanzada durante la pr\u00e1ctica cotidiana bajo el cielo nocturno.<\/address>\n<p style=\"text-align: center;\"><span style=\"color: #ffffff;\">&#8230;&#8230;&#8230;&#8230;&#8230;&#8230;&#8230;..<\/span><\/p>\n<address class=\"mceTemp mceIEcenter\">\n<dl class=\"wp-caption alignleft\" id=\"attachment_193\" style=\"width: 226px;\">\n<dt class=\"wp-caption-dt\"><a href=\"http:\/\/microastronomia.astroedu.net\/wp-content\/uploads\/2014\/04\/EQUIP-COMPLERT.jpg\"><img loading=\"lazy\" decoding=\"async\" class=\"wp-image-193 \" style=\"border: 5px solid black;\" alt=\"EQUIP COMPLERT\" src=\"http:\/\/microastronomia.astroedu.net\/wp-content\/uploads\/2014\/04\/EQUIP-COMPLERT.jpg\" width=\"216\" height=\"288\" srcset=\"https:\/\/microastronomia.cosmozoom.eu\/wp-content\/uploads\/2014\/04\/EQUIP-COMPLERT.jpg 750w, https:\/\/microastronomia.cosmozoom.eu\/wp-content\/uploads\/2014\/04\/EQUIP-COMPLERT-225x300.jpg 225w, https:\/\/microastronomia.cosmozoom.eu\/wp-content\/uploads\/2014\/04\/EQUIP-COMPLERT-112x150.jpg 112w\" sizes=\"(max-width: 216px) 100vw, 216px\" \/><\/a><\/dt>\n<dd class=\"wp-caption-dd\">Parte del equipo b\u00e1sico de MICoASTRONOMIA. Click \u00a0en la imagen para ver en grande.<\/dd>\n<\/dl>\n<\/address>\n<address class=\"mceTemp mceIEcenter\">\n<dl class=\"wp-caption alignright\" id=\"attachment_268\" style=\"width: 310px;\">\n<dt class=\"wp-caption-dt\"><a href=\"http:\/\/microastronomia.astroedu.net\/wp-content\/uploads\/2014\/06\/zDSCN0388.jpg\"><img loading=\"lazy\" decoding=\"async\" class=\"size-medium wp-image-268 \" style=\"border: 5px solid black;\" alt=\"zDSCN0388\" src=\"http:\/\/microastronomia.astroedu.net\/wp-content\/uploads\/2014\/06\/zDSCN0388-300x225.jpg\" width=\"300\" height=\"225\" srcset=\"https:\/\/microastronomia.cosmozoom.eu\/wp-content\/uploads\/2014\/06\/zDSCN0388-300x225.jpg 300w, https:\/\/microastronomia.cosmozoom.eu\/wp-content\/uploads\/2014\/06\/zDSCN0388-1024x768.jpg 1024w, https:\/\/microastronomia.cosmozoom.eu\/wp-content\/uploads\/2014\/06\/zDSCN0388-200x150.jpg 200w, https:\/\/microastronomia.cosmozoom.eu\/wp-content\/uploads\/2014\/06\/zDSCN0388-150x112.jpg 150w, https:\/\/microastronomia.cosmozoom.eu\/wp-content\/uploads\/2014\/06\/zDSCN0388.jpg 1200w\" sizes=\"(max-width: 300px) 100vw, 300px\" \/><\/a><\/dt>\n<dd class=\"wp-caption-dd\">Malet\u00edn MICRoASTRONOMICO: en un espacio de 45x30cm se pueden llevar 3 o 4 instrumentos de observaci\u00f3n, un tr\u00edpode con cabezal de mandos lentos y oculares.<\/dd>\n<\/dl>\n<\/address>\n<p>&nbsp;<\/p>\n<address class=\"mceTemp mceIEcenter\">\n<dl class=\"wp-caption alignright\" id=\"attachment_299\" style=\"width: 190px;\">\n<dt class=\"wp-caption-dt\"><a href=\"http:\/\/microastronomia.astroedu.net\/wp-content\/uploads\/2014\/04\/zDSCN0382.jpg\"><img loading=\"lazy\" decoding=\"async\" class=\"wp-image-299 \" style=\"line-height: 24px; border: 5px solid black;\" alt=\"zDSCN0382\" src=\"http:\/\/microastronomia.astroedu.net\/wp-content\/uploads\/2014\/04\/zDSCN0382-300x181.jpg\" width=\"180\" height=\"109\" srcset=\"https:\/\/microastronomia.cosmozoom.eu\/wp-content\/uploads\/2014\/04\/zDSCN0382-300x181.jpg 300w, https:\/\/microastronomia.cosmozoom.eu\/wp-content\/uploads\/2014\/04\/zDSCN0382-1024x617.jpg 1024w, https:\/\/microastronomia.cosmozoom.eu\/wp-content\/uploads\/2014\/04\/zDSCN0382-250x150.jpg 250w, https:\/\/microastronomia.cosmozoom.eu\/wp-content\/uploads\/2014\/04\/zDSCN0382-150x90.jpg 150w, https:\/\/microastronomia.cosmozoom.eu\/wp-content\/uploads\/2014\/04\/zDSCN0382.jpg 1200w\" sizes=\"(max-width: 180px) 100vw, 180px\" \/><\/a><\/dt>\n<dd class=\"wp-caption-dd\">Tripode SIRUI. Plegado mide 30cm. Muy polivalente, se puede desmontar en distintas partes.<\/dd>\n<\/dl>\n<\/address>\n<address class=\"mceTemp mceIEcenter\">\n<dl class=\"wp-caption alignleft\" id=\"attachment_298\" style=\"width: 190px;\">\n<dt class=\"wp-caption-dt\"><a href=\"http:\/\/microastronomia.astroedu.net\/wp-content\/uploads\/2014\/04\/zDSCN0380.jpg\"><img loading=\"lazy\" decoding=\"async\" class=\"wp-image-298 \" style=\"border: 5px solid black;\" alt=\"zDSCN0380\" src=\"http:\/\/microastronomia.astroedu.net\/wp-content\/uploads\/2014\/04\/zDSCN0380-300x252.jpg\" width=\"180\" height=\"151\" srcset=\"https:\/\/microastronomia.cosmozoom.eu\/wp-content\/uploads\/2014\/04\/zDSCN0380-300x252.jpg 300w, https:\/\/microastronomia.cosmozoom.eu\/wp-content\/uploads\/2014\/04\/zDSCN0380-1024x862.jpg 1024w, https:\/\/microastronomia.cosmozoom.eu\/wp-content\/uploads\/2014\/04\/zDSCN0380-178x150.jpg 178w, https:\/\/microastronomia.cosmozoom.eu\/wp-content\/uploads\/2014\/04\/zDSCN0380-150x126.jpg 150w, https:\/\/microastronomia.cosmozoom.eu\/wp-content\/uploads\/2014\/04\/zDSCN0380.jpg 1200w\" sizes=\"(max-width: 180px) 100vw, 180px\" \/><\/a><\/dt>\n<dd class=\"wp-caption-dd\">Cabezal de mandos lentos adaptable al tr\u00edpode SIRUI.<\/dd>\n<\/dl>\n<\/address>\n<address class=\"mceTemp mceIEcenter\">\u00a0<\/address>\n<dl class=\"wp-caption alignleft\" id=\"attachment_362\" style=\"width: 240px;\">\n<dt class=\"wp-caption-dt\"><a href=\"http:\/\/microastronomia.astroedu.net\/wp-content\/uploads\/2014\/04\/TINGLADO1.jpg\"><img loading=\"lazy\" decoding=\"async\" class=\"wp-image-362 \" alt=\"\" src=\"http:\/\/microastronomia.astroedu.net\/wp-content\/uploads\/2014\/04\/TINGLADO1-800x1024.jpg\" width=\"230\" height=\"294\" srcset=\"https:\/\/microastronomia.cosmozoom.eu\/wp-content\/uploads\/2014\/04\/TINGLADO1-800x1024.jpg 800w, https:\/\/microastronomia.cosmozoom.eu\/wp-content\/uploads\/2014\/04\/TINGLADO1-234x300.jpg 234w, https:\/\/microastronomia.cosmozoom.eu\/wp-content\/uploads\/2014\/04\/TINGLADO1-117x150.jpg 117w, https:\/\/microastronomia.cosmozoom.eu\/wp-content\/uploads\/2014\/04\/TINGLADO1.jpg 1641w\" sizes=\"(max-width: 230px) 100vw, 230px\" \/><\/a><\/dt>\n<dd class=\"wp-caption-dd\">\n<address>El TINGLADO: de 5 a 9 telescopios puestos en bateria, para realizar observaciones comparativas de un mismo objeto celeste.<\/address>\n<\/dd>\n<\/dl>\n<p>&nbsp;<\/p>\n<p>&nbsp;<\/p>\n<p><a href=\"http:\/\/microastronomia.astroedu.net\/wp-content\/uploads\/2014\/04\/TINGLADO-21.jpg\"><img loading=\"lazy\" decoding=\"async\" class=\"wp-image-774 alignright\" alt=\"TINGLADO 2\" src=\"http:\/\/microastronomia.astroedu.net\/wp-content\/uploads\/2014\/04\/TINGLADO-21-225x300.jpg\" width=\"225\" height=\"300\" srcset=\"https:\/\/microastronomia.cosmozoom.eu\/wp-content\/uploads\/2014\/04\/TINGLADO-21-225x300.jpg 225w, https:\/\/microastronomia.cosmozoom.eu\/wp-content\/uploads\/2014\/04\/TINGLADO-21-768x1024.jpg 768w, https:\/\/microastronomia.cosmozoom.eu\/wp-content\/uploads\/2014\/04\/TINGLADO-21-112x150.jpg 112w, https:\/\/microastronomia.cosmozoom.eu\/wp-content\/uploads\/2014\/04\/TINGLADO-21.jpg 900w\" sizes=\"(max-width: 225px) 100vw, 225px\" \/><\/a><\/p>\n<p>&nbsp;<\/p>\n<p>&nbsp;<\/p>\n<p>&nbsp;<\/p>\n<p>&nbsp;<\/p>\n<p>&nbsp;<\/p>\n<p>&nbsp;<\/p>\n<p>&nbsp;<\/p>\n<p>&nbsp;<\/p>\n<p>&nbsp;<\/p>\n<p>&nbsp;<\/p>\n<p>&nbsp;<\/p>\n<p>&nbsp;<\/p>\n","protected":false},"excerpt":{"rendered":"<p>MICRoASTRONOMIA consiste en un equipo de observaci\u00f3n constituido por monoculares, binoculares, tr\u00edpodes, r\u00f3tulas, gadgets, monturas y tubos \u00f3pticos de peque\u00f1o<\/p>\n<p><a href=\"https:\/\/microastronomia.cosmozoom.eu\/?page_id=110\" class=\"more-link\">Seguir leyendo<span class=\"screen-reader-text\">CONCEPTO<\/span><\/a><\/p>\n","protected":false},"author":1,"featured_media":0,"parent":0,"menu_order":1,"comment_status":"closed","ping_status":"closed","template":"","meta":{"footnotes":""},"_links":{"self":[{"href":"https:\/\/microastronomia.cosmozoom.eu\/index.php?rest_route=\/wp\/v2\/pages\/110"}],"collection":[{"href":"https:\/\/microastronomia.cosmozoom.eu\/index.php?rest_route=\/wp\/v2\/pages"}],"about":[{"href":"https:\/\/microastronomia.cosmozoom.eu\/index.php?rest_route=\/wp\/v2\/types\/page"}],"author":[{"embeddable":true,"href":"https:\/\/microastronomia.cosmozoom.eu\/index.php?rest_route=\/wp\/v2\/users\/1"}],"replies":[{"embeddable":true,"href":"https:\/\/microastronomia.cosmozoom.eu\/index.php?rest_route=%2Fwp%2Fv2%2Fcomments&post=110"}],"version-history":[{"count":45,"href":"https:\/\/microastronomia.cosmozoom.eu\/index.php?rest_route=\/wp\/v2\/pages\/110\/revisions"}],"predecessor-version":[{"id":1228,"href":"https:\/\/microastronomia.cosmozoom.eu\/index.php?rest_route=\/wp\/v2\/pages\/110\/revisions\/1228"}],"wp:attachment":[{"href":"https:\/\/microastronomia.cosmozoom.eu\/index.php?rest_route=%2Fwp%2Fv2%2Fmedia&parent=110"}],"curies":[{"name":"wp","href":"https:\/\/api.w.org\/{rel}","templated":true}]}}