{"id":1032,"date":"2015-09-23T23:43:11","date_gmt":"2015-09-23T23:43:11","guid":{"rendered":"http:\/\/microastronomia.astroedu.net\/?page_id=1032"},"modified":"2015-09-25T11:48:31","modified_gmt":"2015-09-25T11:48:31","slug":"gafas-telescopio-28","status":"publish","type":"page","link":"https:\/\/microastronomia.cosmozoom.eu\/?page_id=1032","title":{"rendered":"flyMan"},"content":{"rendered":"<address><strong><a href=\"http:\/\/microastronomia.astroedu.net\/wp-content\/uploads\/2015\/09\/zDSCN0700.jpg\"><img loading=\"lazy\" decoding=\"async\" class=\"size-medium wp-image-1036 alignleft\" style=\"border: 3px solid black;\" alt=\"zDSCN0700\" src=\"http:\/\/microastronomia.astroedu.net\/wp-content\/uploads\/2015\/09\/zDSCN0700-300x170.jpg\" width=\"300\" height=\"170\" srcset=\"https:\/\/microastronomia.cosmozoom.eu\/wp-content\/uploads\/2015\/09\/zDSCN0700-300x170.jpg 300w, https:\/\/microastronomia.cosmozoom.eu\/wp-content\/uploads\/2015\/09\/zDSCN0700-250x142.jpg 250w, https:\/\/microastronomia.cosmozoom.eu\/wp-content\/uploads\/2015\/09\/zDSCN0700-150x85.jpg 150w, https:\/\/microastronomia.cosmozoom.eu\/wp-content\/uploads\/2015\/09\/zDSCN0700.jpg 646w\" sizes=\"(max-width: 300px) 100vw, 300px\" \/><\/a><\/strong><strong>Tipo:<\/strong> Gafas Galilea<a href=\"http:\/\/microastronomia.astroedu.net\/wp-content\/uploads\/2015\/09\/zzDSCN0694.jpg\"><img loading=\"lazy\" decoding=\"async\" class=\"alignright  wp-image-1116\" style=\"border: 3px solid black;\" alt=\"zzDSCN0694\" src=\"http:\/\/microastronomia.astroedu.net\/wp-content\/uploads\/2015\/09\/zzDSCN0694-300x272.jpg\" width=\"240\" height=\"218\" srcset=\"https:\/\/microastronomia.cosmozoom.eu\/wp-content\/uploads\/2015\/09\/zzDSCN0694-300x272.jpg 300w, https:\/\/microastronomia.cosmozoom.eu\/wp-content\/uploads\/2015\/09\/zzDSCN0694-165x150.jpg 165w, https:\/\/microastronomia.cosmozoom.eu\/wp-content\/uploads\/2015\/09\/zzDSCN0694-150x136.jpg 150w, https:\/\/microastronomia.cosmozoom.eu\/wp-content\/uploads\/2015\/09\/zzDSCN0694.jpg 600w\" sizes=\"(max-width: 240px) 100vw, 240px\" \/><\/a>nas<\/address>\n<address><strong>Di\u00e1metro:<\/strong> 28 mm (real estimado en binocular \u2248 15 mm)<\/address>\n<address><strong>Aumento:<\/strong> 3X al infinito.<\/address>\n<address><strong>Campo m\u00e1ximo \u00fatil:<\/strong> 15\u00ba<\/address>\n<address><strong>Peso:<\/strong> 100g<\/address>\n<address>\u00a0<\/address>\n<p style=\"text-align: justify;\"><span style=\"color: #ffffff;\">&#8230;&#8230;.<\/span><\/p>\n<p style=\"text-align: justify;\"><span style=\"color: #ffffff;\">&#8230;..<\/span><\/p>\n<address class=\"mceTemp\">\n<dl class=\"wp-caption alignright\" id=\"attachment_1038\" style=\"width: 190px;\">\n<dt class=\"wp-caption-dt\"><a href=\"http:\/\/microastronomia.astroedu.net\/wp-content\/uploads\/2015\/09\/zDSCN0693.jpg\"><img loading=\"lazy\" decoding=\"async\" class=\" wp-image-1038 \" alt=\"Parte posterior, con el ajuste para dioptr\u00edas.\" src=\"http:\/\/microastronomia.astroedu.net\/wp-content\/uploads\/2015\/09\/zDSCN0693-300x208.jpg\" width=\"180\" height=\"125\" srcset=\"https:\/\/microastronomia.cosmozoom.eu\/wp-content\/uploads\/2015\/09\/zDSCN0693-300x208.jpg 300w, https:\/\/microastronomia.cosmozoom.eu\/wp-content\/uploads\/2015\/09\/zDSCN0693-215x150.jpg 215w, https:\/\/microastronomia.cosmozoom.eu\/wp-content\/uploads\/2015\/09\/zDSCN0693-150x104.jpg 150w, https:\/\/microastronomia.cosmozoom.eu\/wp-content\/uploads\/2015\/09\/zDSCN0693.jpg 800w\" sizes=\"(max-width: 180px) 100vw, 180px\" \/><\/a><\/dt>\n<dd class=\"wp-caption-dd\">Parte posterior, con el ajuste para dioptr\u00edas.<\/dd>\n<\/dl>\n<\/address>\n<p style=\"text-align: justify;\">Hac\u00eda tiempo que ten\u00eda curiosidad por probar unas gafas de este tipo, que proliferan por la red con distintas marcas a precios irrisorios, a veces son tipo lupa y otras, como las flyMan, tipo telescopio. Se trata de un gadget fabricado en pl\u00e1stico, a excepci\u00f3n de las lentes, las cuales no llevan ning\u00fan tipo de recubrimiento. Por otro lado, este instrumento no permite ajuste de distancia interpupilar y s\u00ed lleva ajuste para dioptr\u00edas. Se puede considerar casi in\u00fatil para astronom\u00eda (y para casi todo), en el l\u00edmite de aquello usable, pero a pesar de todo ve un pel\u00edn m\u00e1s all\u00e1 que a simple vista. Son muy inferiores a los binoNinos en todo.<\/p>\n<p style=\"text-align: justify;\"><span style=\"color: #ffffff;\">&#8230;..<\/span><\/p>\n<h2><strong>OBJETOS OBSERVADOS CON LAS flyMan<\/strong><\/h2>\n<p><em>Se listan objetos observados por el autor bajo un cielo de magnitud l\u00edmite 6.5-6.7, entre 3 y 4 en la escala de Bortle, con la zona Sur con algo de contaminaci\u00f3n lum\u00ednica. <\/em>Seg\u00fan su nivel de dificultad: en <em>letra <strong>oscura<\/strong> para objetos f\u00e1ciles de percibir, en <span style=\"color: #ffcc00;\">\u00e1mbar<\/span> para los de dificultad media y en <span style=\"color: #ff0000;\">rojo<\/span> para los dif\u00edciles pero a\u00fan accesibles. Acr\u00f3nimos usados: VD: Visi\u00f3n Directa, VL: Visi\u00f3n Lateral.<\/em><\/p>\n<p><span style=\"color: #ffffff;\">&#8230;&#8230;.<\/span><br \/>\n<span style=\"text-decoration: underline;\">LUNA<\/span><br \/>\n-En preparaci\u00f3n&#8230;<\/p>\n<p><span style=\"text-decoration: underline;\">PLANETAS<\/span><br \/>\n-En preparaci\u00f3n&#8230;<\/p>\n<p><span style=\"text-decoration: underline;\">ESTRELLAS DOBLES Y M\u00daLTIPLES<\/span><br \/>\n-En preparaci\u00f3n&#8230;<\/p>\n<p><span style=\"text-decoration: underline;\">C\u00daMULOS ABIERTOS<\/span><br \/>\n-En preparaci\u00f3n&#8230;<\/p>\n<p><span style=\"text-decoration: underline;\">C\u00daMULOS GLOBULARES<\/span><br \/>\n-En preparaci\u00f3n&#8230;<\/p>\n<p><span style=\"text-decoration: underline;\">NEBULOSAS<\/span><br \/>\n-En preparaci\u00f3n&#8230;<\/p>\n<p><span style=\"text-decoration: underline;\">GALAXIAS<\/span><br \/>\n-En preparaci\u00f3n&#8230;<\/p>\n","protected":false},"excerpt":{"rendered":"<p>Tipo: Gafas Galileanas Di\u00e1metro: 28 mm (real estimado en binocular \u2248 15 mm) Aumento: 3X al infinito. Campo m\u00e1ximo \u00fatil:<\/p>\n<p><a href=\"https:\/\/microastronomia.cosmozoom.eu\/?page_id=1032\" class=\"more-link\">Seguir leyendo<span class=\"screen-reader-text\">flyMan<\/span><\/a><\/p>\n","protected":false},"author":1,"featured_media":0,"parent":823,"menu_order":1,"comment_status":"closed","ping_status":"closed","template":"","meta":{"footnotes":""},"_links":{"self":[{"href":"https:\/\/microastronomia.cosmozoom.eu\/index.php?rest_route=\/wp\/v2\/pages\/1032"}],"collection":[{"href":"https:\/\/microastronomia.cosmozoom.eu\/index.php?rest_route=\/wp\/v2\/pages"}],"about":[{"href":"https:\/\/microastronomia.cosmozoom.eu\/index.php?rest_route=\/wp\/v2\/types\/page"}],"author":[{"embeddable":true,"href":"https:\/\/microastronomia.cosmozoom.eu\/index.php?rest_route=\/wp\/v2\/users\/1"}],"replies":[{"embeddable":true,"href":"https:\/\/microastronomia.cosmozoom.eu\/index.php?rest_route=%2Fwp%2Fv2%2Fcomments&post=1032"}],"version-history":[{"count":19,"href":"https:\/\/microastronomia.cosmozoom.eu\/index.php?rest_route=\/wp\/v2\/pages\/1032\/revisions"}],"predecessor-version":[{"id":1118,"href":"https:\/\/microastronomia.cosmozoom.eu\/index.php?rest_route=\/wp\/v2\/pages\/1032\/revisions\/1118"}],"up":[{"embeddable":true,"href":"https:\/\/microastronomia.cosmozoom.eu\/index.php?rest_route=\/wp\/v2\/pages\/823"}],"wp:attachment":[{"href":"https:\/\/microastronomia.cosmozoom.eu\/index.php?rest_route=%2Fwp%2Fv2%2Fmedia&parent=1032"}],"curies":[{"name":"wp","href":"https:\/\/api.w.org\/{rel}","templated":true}]}}