{"id":1017,"date":"2015-09-23T19:39:18","date_gmt":"2015-09-23T19:39:18","guid":{"rendered":"http:\/\/microastronomia.astroedu.net\/?page_id=1017"},"modified":"2015-11-02T13:35:47","modified_gmt":"2015-11-02T13:35:47","slug":"celestron-outlander-30","status":"publish","type":"page","link":"https:\/\/microastronomia.cosmozoom.eu\/?page_id=1017","title":{"rendered":"Celestron Outland 30"},"content":{"rendered":"<address><strong><a href=\"http:\/\/microastronomia.astroedu.net\/wp-content\/uploads\/2015\/09\/zDSCN0681.jpg\"><img loading=\"lazy\" decoding=\"async\" class=\"size-medium wp-image-1020 alignleft\" style=\"border: 3px solid black;\" alt=\"zDSCN0681\" src=\"http:\/\/microastronomia.astroedu.net\/wp-content\/uploads\/2015\/09\/zDSCN0681-300x225.jpg\" width=\"300\" height=\"225\" srcset=\"https:\/\/microastronomia.cosmozoom.eu\/wp-content\/uploads\/2015\/09\/zDSCN0681-300x225.jpg 300w, https:\/\/microastronomia.cosmozoom.eu\/wp-content\/uploads\/2015\/09\/zDSCN0681-200x150.jpg 200w, https:\/\/microastronomia.cosmozoom.eu\/wp-content\/uploads\/2015\/09\/zDSCN0681-150x112.jpg 150w, https:\/\/microastronomia.cosmozoom.eu\/wp-content\/uploads\/2015\/09\/zDSCN0681.jpg 900w\" sizes=\"(max-width: 300px) 100vw, 300px\" \/><\/a>Tipo:<\/strong> monocular prisma porro Bak4- MC<a href=\"http:\/\/microastronomia.astroedu.net\/wp-content\/uploads\/2015\/09\/zDSCN0676.jpg\"><img loading=\"lazy\" decoding=\"async\" class=\"wp-image-1021 alignright\" style=\"border: 3px solid black;\" alt=\"zDSCN0676\" src=\"http:\/\/microastronomia.astroedu.net\/wp-content\/uploads\/2015\/09\/zDSCN0676-300x164.jpg\" width=\"270\" height=\"148\" srcset=\"https:\/\/microastronomia.cosmozoom.eu\/wp-content\/uploads\/2015\/09\/zDSCN0676-300x164.jpg 300w, https:\/\/microastronomia.cosmozoom.eu\/wp-content\/uploads\/2015\/09\/zDSCN0676-250x137.jpg 250w, https:\/\/microastronomia.cosmozoom.eu\/wp-content\/uploads\/2015\/09\/zDSCN0676-150x82.jpg 150w, https:\/\/microastronomia.cosmozoom.eu\/wp-content\/uploads\/2015\/09\/zDSCN0676.jpg 900w\" sizes=\"(max-width: 270px) 100vw, 270px\" \/><\/a><\/address>\n<address><strong>Di\u00e1metro:<\/strong> 30 mm<\/address>\n<address><strong>Aumento: <\/strong>6x (fijo)<\/address>\n<address><strong>Pupila de salida:<\/strong> 5 mm<\/address>\n<address><strong>Campo m\u00e1ximo \u00fatil:<\/strong> 10.5\u00ba (9.5\u00ba reales)<\/address>\n<address><strong>Peso:<\/strong> 230 g<\/address>\n<address><strong>Dimensiones (L x D):<\/strong> 118mm x 40mm<\/address>\n<address>\u00a0<\/address>\n<p>&nbsp;<\/p>\n<p><span style=\"color: #ffffff;\">&#8230;&#8230;&#8230;..<\/span><\/p>\n<p><span style=\"color: #ffffff;\">&#8230;&#8230;&#8230;&#8230;.<\/span><\/p>\n<address class=\"mceTemp\">\n<dl class=\"wp-caption alignright\" id=\"attachment_1023\" style=\"width: 190px;\">\n<dt class=\"wp-caption-dt\"><a href=\"http:\/\/microastronomia.astroedu.net\/wp-content\/uploads\/2015\/09\/zDSCN0677.jpg\"><img loading=\"lazy\" decoding=\"async\" class=\" wp-image-1023 \" alt=\"Rosca para tr\u00edpode muy \u00fatil.\" src=\"http:\/\/microastronomia.astroedu.net\/wp-content\/uploads\/2015\/09\/zDSCN0677-300x225.jpg\" width=\"180\" height=\"135\" srcset=\"https:\/\/microastronomia.cosmozoom.eu\/wp-content\/uploads\/2015\/09\/zDSCN0677-300x225.jpg 300w, https:\/\/microastronomia.cosmozoom.eu\/wp-content\/uploads\/2015\/09\/zDSCN0677-200x150.jpg 200w, https:\/\/microastronomia.cosmozoom.eu\/wp-content\/uploads\/2015\/09\/zDSCN0677-150x112.jpg 150w, https:\/\/microastronomia.cosmozoom.eu\/wp-content\/uploads\/2015\/09\/zDSCN0677.jpg 900w\" sizes=\"(max-width: 180px) 100vw, 180px\" \/><\/a><\/dt>\n<dd class=\"wp-caption-dd\">Rosca para tr\u00edpode muy \u00fatil.<\/dd>\n<\/dl>\n<\/address>\n<address class=\"mceTemp\">\n<dl class=\"wp-caption alignleft\" id=\"attachment_1024\" style=\"width: 190px;\">\n<dt class=\"wp-caption-dt\"><a href=\"http:\/\/microastronomia.astroedu.net\/wp-content\/uploads\/2015\/09\/zDSCN0683.jpg\"><img loading=\"lazy\" decoding=\"async\" class=\" wp-image-1024 \" alt=\"Generoso relieve ocular.\" src=\"http:\/\/microastronomia.astroedu.net\/wp-content\/uploads\/2015\/09\/zDSCN0683-300x207.jpg\" width=\"180\" height=\"124\" srcset=\"https:\/\/microastronomia.cosmozoom.eu\/wp-content\/uploads\/2015\/09\/zDSCN0683-300x207.jpg 300w, https:\/\/microastronomia.cosmozoom.eu\/wp-content\/uploads\/2015\/09\/zDSCN0683-217x150.jpg 217w, https:\/\/microastronomia.cosmozoom.eu\/wp-content\/uploads\/2015\/09\/zDSCN0683-150x103.jpg 150w, https:\/\/microastronomia.cosmozoom.eu\/wp-content\/uploads\/2015\/09\/zDSCN0683.jpg 900w\" sizes=\"(max-width: 180px) 100vw, 180px\" \/><\/a><\/dt>\n<dd class=\"wp-caption-dd\">Generoso relieve ocular.<\/dd>\n<\/dl>\n<\/address>\n<p>Para su di\u00e1metro, y debido al prisma de porro, no es lo peque\u00f1o que uno esperar\u00eda. El campo real ofrecido es inferior al especificado por el fabricante, a pesar de ello, la Corona Boreal o la Lyra, entran enteras en el campo de visi\u00f3n. Con buenos recubrimientos verdes, su calidad \u00f3ptica es notable para observaci\u00f3n nocturna, muy luminoso, ofrece im\u00e1genes n\u00edtidas y contrastadas pero,\u00a0 como es habitual en estos aparatos econ\u00f3micos, flojea en bordes. Su generoso relieve ocular y su ergonom\u00eda lo hacen muy c\u00f3modo de usar. Su rosca para tripode tambi\u00e9n es un acierto. Bajo estas l\u00edneas, mi \u00abunboxing\u00bb del instrumento:<\/p>\n<p><iframe loading=\"lazy\" src=\"https:\/\/www.youtube.com\/embed\/A5HnVoM-_GE\" height=\"315\" width=\"560\" allowfullscreen=\"\" frameborder=\"0\"><\/iframe><\/p>\n<p><span style=\"color: #ffffff;\">&#8230;&#8230;&#8230;<\/span><\/p>\n<address>\n<h2><strong>OBJETOS OBSERVADOS CON EL Celestron Outland 30<\/strong><\/h2>\n<p><em>Se listan objetos observados por el autor bajo un cielo de magnitud l\u00edmite 6.5-6.7, entre 3 y 4 en la escala de Bortle, con la zona Sur con algo de contaminaci\u00f3n lum\u00ednica. <\/em>Seg\u00fan su nivel de dificultad: en <em>letra <strong>oscura<\/strong> para objetos f\u00e1ciles de percibir, en <span style=\"color: #ffcc00;\">\u00e1mbar<\/span> para los de dificultad media y en <span style=\"color: #ff0000;\">rojo<\/span> para los dif\u00edciles pero a\u00fan accesibles. Acr\u00f3nimos usados: VD: Visi\u00f3n Directa, VL: Visi\u00f3n Lateral.<br \/>\n<\/em><\/p>\n<address>\u00a0<\/address>\n<p><span style=\"text-decoration: underline;\">LUNA<\/span><br \/>\n&#8211; <strong>Mares, cr\u00e1teres y otras estructuras.<\/strong><\/p>\n<p><span style=\"text-decoration: underline;\">PLANETAS<\/span><br \/>\n&#8211;<strong>Mercurio<\/strong>:apariencia estelar.<br \/>\n&#8211;<strong>Venus<\/strong>:apariencia estelar.<br \/>\n&#8211;<strong>Marte<\/strong>:apariencia estelar.<br \/>\n&#8211;<strong>J\u00fapiter<\/strong>:apariencia estelar.<br \/>\n&#8211;<strong>Saturno<\/strong>:\u00bfapariencia estelar pero ya alargado?.<br \/>\n&#8211;<strong>Urano<\/strong>:apariencia estelar.<br \/>\n&#8211;<strong>Neptuno<\/strong>:apariencia estelar.<\/p>\n<p><span style=\"text-decoration: underline;\">ESTRELLAS DOBLES, M\u00daLTIPLES Y PECULIARES<\/span><br \/>\n&#8211;<strong><span style=\"color: #333333;\">Beta capricorni<\/span><\/strong>: se divide perfectamente.<br \/>\n&#8211;<strong><span style=\"color: #333333;\">Nu Draconis<\/span><\/strong>: se divide perfectamente.<\/p>\n<p><span style=\"text-decoration: underline;\">ASTERISMOS<\/span><br \/>\n-En preparaci\u00f3n&#8230;<\/p>\n<p><span style=\"text-decoration: underline;\">C\u00daMULOS ABIERTOS<\/span><br \/>\n-En preparaci\u00f3n&#8230;<\/p>\n<p><span style=\"text-decoration: underline;\">C\u00daMULOS GLOBULARES<\/span><br \/>\n-En preparaci\u00f3n&#8230;<\/p>\n<p><span style=\"text-decoration: underline;\">NEBULOSAS<\/span><br \/>\n-En preparaci\u00f3n&#8230;<\/p>\n<p><span style=\"text-decoration: underline;\">GALAXIAS<\/span><br \/>\n-En preparaci\u00f3n&#8230;<\/p>\n<\/address>\n<p>&nbsp;<\/p>\n","protected":false},"excerpt":{"rendered":"<p>Tipo: monocular prisma porro Bak4- MC Di\u00e1metro: 30 mm Aumento: 6x (fijo) Pupila de salida: 5 mm Campo m\u00e1ximo \u00fatil:<\/p>\n<p><a href=\"https:\/\/microastronomia.cosmozoom.eu\/?page_id=1017\" class=\"more-link\">Seguir leyendo<span class=\"screen-reader-text\">Celestron Outland 30<\/span><\/a><\/p>\n","protected":false},"author":1,"featured_media":0,"parent":823,"menu_order":43,"comment_status":"closed","ping_status":"closed","template":"","meta":{"footnotes":""},"_links":{"self":[{"href":"https:\/\/microastronomia.cosmozoom.eu\/index.php?rest_route=\/wp\/v2\/pages\/1017"}],"collection":[{"href":"https:\/\/microastronomia.cosmozoom.eu\/index.php?rest_route=\/wp\/v2\/pages"}],"about":[{"href":"https:\/\/microastronomia.cosmozoom.eu\/index.php?rest_route=\/wp\/v2\/types\/page"}],"author":[{"embeddable":true,"href":"https:\/\/microastronomia.cosmozoom.eu\/index.php?rest_route=\/wp\/v2\/users\/1"}],"replies":[{"embeddable":true,"href":"https:\/\/microastronomia.cosmozoom.eu\/index.php?rest_route=%2Fwp%2Fv2%2Fcomments&post=1017"}],"version-history":[{"count":20,"href":"https:\/\/microastronomia.cosmozoom.eu\/index.php?rest_route=\/wp\/v2\/pages\/1017\/revisions"}],"predecessor-version":[{"id":1019,"href":"https:\/\/microastronomia.cosmozoom.eu\/index.php?rest_route=\/wp\/v2\/pages\/1017\/revisions\/1019"}],"up":[{"embeddable":true,"href":"https:\/\/microastronomia.cosmozoom.eu\/index.php?rest_route=\/wp\/v2\/pages\/823"}],"wp:attachment":[{"href":"https:\/\/microastronomia.cosmozoom.eu\/index.php?rest_route=%2Fwp%2Fv2%2Fmedia&parent=1017"}],"curies":[{"name":"wp","href":"https:\/\/api.w.org\/{rel}","templated":true}]}}